{"id":29221,"date":"2022-05-04T17:06:00","date_gmt":"2022-05-04T21:06:00","guid":{"rendered":"https:\/\/www.assent.com\/ben-gross\/"},"modified":"2022-07-18T10:07:33","modified_gmt":"2022-07-18T14:07:33","slug":"ben-gross","status":"publish","type":"page","link":"https:\/\/www.assent.com\/de\/veranstaltungen-webinare\/assent-sich-entwickeln\/sprecher\/ben-gross\/","title":{"rendered":"Ben Gross"},"content":{"rendered":"\n<div style=\"height:75px\" aria-hidden=\"true\" class=\"wp-block-spacer\"><\/div>\n\n\n\r\n<!-- WYSIWYG -->\r\n        <section class=\"wysiwyg-section\" id=\"ben_gross\">\r\n            <div class=\"container\"><h1>Ben Gross<\/h1>\n<h6>Legal Counsel, Trade Compliance<\/h6>\n<p><img decoding=\"async\" class=\"alignnone size-medium wp-image-14654 alignright\" src=\"https:\/\/www.assent.com\/wp-content\/uploads\/2022\/01\/Assent_TeamMember_BenGross_headshot.jpeg\" alt=\"Ben Gross\" width=\"300\" height=\"300\" \/><br \/>\nBen Gross ist Experte f\u00fcr Handelskonformit\u00e4t mit Fokus auf globalen Handelsvorschriften, Exportklassifizierung, Berichterstattung gegen\u00fcber Beh\u00f6rden und Audits und hat in dieser Funktion beispielsweise internationale Programme f\u00fcr Handelskonformit\u00e4t mit globaler Reichweite entwickelt und unterst\u00fctzt. Gross ist assoziiertes Fakult\u00e4tsmitglied des Sandra Day O&#8217;Connor College of Law und war zuvor in verschiedenen juristischen und beratenden Funktionen f\u00fcr EY, Honeywell International Inc. und Microchip Technology Inc. t\u00e4tig.<\/p>\n<p>&nbsp;<\/p>\n<p><a href=\"https:\/\/www.linkedin.com\/in\/bgross1031\/\">Mit Ben Gross auf LinkedIn verbinden<\/a><\/p>\n<p><a href=\"mailto:ben.gross@assent.com\">E-Mail an Ben Gross senden<\/a><\/p>\n<p>&nbsp;<\/p>\n<\/div>    \r\n        <\/section>\n\n\n<div style=\"height:75px\" aria-hidden=\"true\" class=\"wp-block-spacer\"><\/div>\n","protected":false},"excerpt":{"rendered":"","protected":false},"author":21,"featured_media":0,"parent":29731,"menu_order":0,"comment_status":"closed","ping_status":"closed","template":"","meta":{"_acf_changed":false,"footnotes":"","_links_to":"","_links_to_target":""},"categories":[],"class_list":["post-29221","page","type-page","status-publish","hentry"],"acf":[],"yoast_head":"<!-- This site is optimized with the Yoast SEO Premium plugin v26.6 (Yoast SEO v27.0) - https:\/\/yoast.com\/product\/yoast-seo-premium-wordpress\/ -->\n<title>Ben Gross | Regulatory Expert | Assent<\/title>\n<meta name=\"description\" content=\"Lernen Sie Ben Gross kennen \u2013 Experte f\u00fcr regulatorische Compliance bei Assent\" \/>\n<meta name=\"robots\" content=\"index, follow, max-snippet:-1, max-image-preview:large, max-video-preview:-1\" \/>\n<link rel=\"canonical\" href=\"https:\/\/www.assent.com\/de\/veranstaltungen-webinare\/assent-sich-entwickeln\/sprecher\/ben-gross\/\" \/>\n<meta property=\"og:locale\" content=\"de_DE\" \/>\n<meta property=\"og:type\" content=\"article\" \/>\n<meta property=\"og:title\" content=\"Ben Gross\" \/>\n<meta property=\"og:description\" content=\"Lernen Sie Ben Gross kennen \u2013 Experte f\u00fcr regulatorische Compliance bei Assent\" \/>\n<meta property=\"og:url\" content=\"https:\/\/www.assent.com\/de\/veranstaltungen-webinare\/assent-sich-entwickeln\/sprecher\/ben-gross\/\" \/>\n<meta property=\"og:site_name\" content=\"Assent\" \/>\n<meta property=\"article:publisher\" content=\"https:\/\/www.facebook.com\/AssentCompliance\/\" \/>\n<meta property=\"article:modified_time\" content=\"2022-07-18T14:07:33+00:00\" \/>\n<meta name=\"twitter:card\" content=\"summary_large_image\" \/>\n<meta name=\"twitter:site\" content=\"@AssentGlobal\" \/>\n<script type=\"application\/ld+json\" class=\"yoast-schema-graph\">{\"@context\":\"https:\/\/schema.org\",\"@graph\":[{\"@type\":\"WebPage\",\"@id\":\"https:\/\/www.assent.com\/de\/veranstaltungen-webinare\/assent-sich-entwickeln\/sprecher\/ben-gross\/\",\"url\":\"https:\/\/www.assent.com\/de\/veranstaltungen-webinare\/assent-sich-entwickeln\/sprecher\/ben-gross\/\",\"name\":\"Ben Gross | Regulatory Expert | Assent\",\"isPartOf\":{\"@id\":\"https:\/\/www.assent.com\/de\/#website\"},\"datePublished\":\"2022-05-04T21:06:00+00:00\",\"dateModified\":\"2022-07-18T14:07:33+00:00\",\"description\":\"Lernen Sie Ben Gross kennen \u2013 Experte f\u00fcr regulatorische Compliance bei Assent\",\"breadcrumb\":{\"@id\":\"https:\/\/www.assent.com\/de\/veranstaltungen-webinare\/assent-sich-entwickeln\/sprecher\/ben-gross\/#breadcrumb\"},\"inLanguage\":\"de\",\"potentialAction\":[{\"@type\":\"ReadAction\",\"target\":[\"https:\/\/www.assent.com\/de\/veranstaltungen-webinare\/assent-sich-entwickeln\/sprecher\/ben-gross\/\"]}]},{\"@type\":\"BreadcrumbList\",\"@id\":\"https:\/\/www.assent.com\/de\/veranstaltungen-webinare\/assent-sich-entwickeln\/sprecher\/ben-gross\/#breadcrumb\",\"itemListElement\":[{\"@type\":\"ListItem\",\"position\":1,\"name\":\"Home\",\"item\":\"https:\/\/www.assent.com\/de\/\"},{\"@type\":\"ListItem\",\"position\":2,\"name\":\"Veranstaltungen &#038; Webinare\",\"item\":\"https:\/\/www.assent.com\/de\/veranstaltungen-webinare\/\"},{\"@type\":\"ListItem\",\"position\":3,\"name\":\"Privat: Assent Evolve\",\"item\":\"https:\/\/www.assent.com\/de\/?page_id=29729\"},{\"@type\":\"ListItem\",\"position\":4,\"name\":\"Speakers\",\"item\":\"https:\/\/www.assent.com\/de\/?page_id=29731\"},{\"@type\":\"ListItem\",\"position\":5,\"name\":\"Ben Gross\"}]},{\"@type\":\"WebSite\",\"@id\":\"https:\/\/www.assent.com\/de\/#website\",\"url\":\"https:\/\/www.assent.com\/de\/\",\"name\":\"Assent\",\"description\":\"\",\"publisher\":{\"@id\":\"https:\/\/www.assent.com\/de\/#organization\"},\"potentialAction\":[{\"@type\":\"SearchAction\",\"target\":{\"@type\":\"EntryPoint\",\"urlTemplate\":\"https:\/\/www.assent.com\/de\/?s={search_term_string}\"},\"query-input\":{\"@type\":\"PropertyValueSpecification\",\"valueRequired\":true,\"valueName\":\"search_term_string\"}}],\"inLanguage\":\"de\"},{\"@type\":\"Organization\",\"@id\":\"https:\/\/www.assent.com\/de\/#organization\",\"name\":\"Assent\",\"url\":\"https:\/\/www.assent.com\/de\/\",\"logo\":{\"@type\":\"ImageObject\",\"inLanguage\":\"de\",\"@id\":\"https:\/\/www.assent.com\/de\/#\/schema\/logo\/image\/\",\"url\":\"https:\/\/www.assent.com\/wp-content\/uploads\/2022\/01\/logo.svg\",\"contentUrl\":\"https:\/\/www.assent.com\/wp-content\/uploads\/2022\/01\/logo.svg\",\"width\":1,\"height\":1,\"caption\":\"Assent\"},\"image\":{\"@id\":\"https:\/\/www.assent.com\/de\/#\/schema\/logo\/image\/\"},\"sameAs\":[\"https:\/\/www.facebook.com\/AssentCompliance\/\",\"https:\/\/x.com\/AssentGlobal\",\"https:\/\/www.linkedin.com\/company\/assent-compliance-inc\"]}]}<\/script>\n<!-- \/ Yoast SEO Premium plugin. -->","yoast_head_json":{"title":"Ben Gross | Regulatory Expert | Assent","description":"Lernen Sie Ben Gross kennen \u2013 Experte f\u00fcr regulatorische Compliance bei Assent","robots":{"index":"index","follow":"follow","max-snippet":"max-snippet:-1","max-image-preview":"max-image-preview:large","max-video-preview":"max-video-preview:-1"},"canonical":"https:\/\/www.assent.com\/de\/veranstaltungen-webinare\/assent-sich-entwickeln\/sprecher\/ben-gross\/","og_locale":"de_DE","og_type":"article","og_title":"Ben Gross","og_description":"Lernen Sie Ben Gross kennen \u2013 Experte f\u00fcr regulatorische Compliance bei Assent","og_url":"https:\/\/www.assent.com\/de\/veranstaltungen-webinare\/assent-sich-entwickeln\/sprecher\/ben-gross\/","og_site_name":"Assent","article_publisher":"https:\/\/www.facebook.com\/AssentCompliance\/","article_modified_time":"2022-07-18T14:07:33+00:00","twitter_card":"summary_large_image","twitter_site":"@AssentGlobal","schema":{"@context":"https:\/\/schema.org","@graph":[{"@type":"WebPage","@id":"https:\/\/www.assent.com\/de\/veranstaltungen-webinare\/assent-sich-entwickeln\/sprecher\/ben-gross\/","url":"https:\/\/www.assent.com\/de\/veranstaltungen-webinare\/assent-sich-entwickeln\/sprecher\/ben-gross\/","name":"Ben Gross | Regulatory Expert | Assent","isPartOf":{"@id":"https:\/\/www.assent.com\/de\/#website"},"datePublished":"2022-05-04T21:06:00+00:00","dateModified":"2022-07-18T14:07:33+00:00","description":"Lernen Sie Ben Gross kennen \u2013 Experte f\u00fcr regulatorische Compliance bei Assent","breadcrumb":{"@id":"https:\/\/www.assent.com\/de\/veranstaltungen-webinare\/assent-sich-entwickeln\/sprecher\/ben-gross\/#breadcrumb"},"inLanguage":"de","potentialAction":[{"@type":"ReadAction","target":["https:\/\/www.assent.com\/de\/veranstaltungen-webinare\/assent-sich-entwickeln\/sprecher\/ben-gross\/"]}]},{"@type":"BreadcrumbList","@id":"https:\/\/www.assent.com\/de\/veranstaltungen-webinare\/assent-sich-entwickeln\/sprecher\/ben-gross\/#breadcrumb","itemListElement":[{"@type":"ListItem","position":1,"name":"Home","item":"https:\/\/www.assent.com\/de\/"},{"@type":"ListItem","position":2,"name":"Veranstaltungen &#038; Webinare","item":"https:\/\/www.assent.com\/de\/veranstaltungen-webinare\/"},{"@type":"ListItem","position":3,"name":"Privat: Assent Evolve","item":"https:\/\/www.assent.com\/de\/?page_id=29729"},{"@type":"ListItem","position":4,"name":"Speakers","item":"https:\/\/www.assent.com\/de\/?page_id=29731"},{"@type":"ListItem","position":5,"name":"Ben Gross"}]},{"@type":"WebSite","@id":"https:\/\/www.assent.com\/de\/#website","url":"https:\/\/www.assent.com\/de\/","name":"Assent","description":"","publisher":{"@id":"https:\/\/www.assent.com\/de\/#organization"},"potentialAction":[{"@type":"SearchAction","target":{"@type":"EntryPoint","urlTemplate":"https:\/\/www.assent.com\/de\/?s={search_term_string}"},"query-input":{"@type":"PropertyValueSpecification","valueRequired":true,"valueName":"search_term_string"}}],"inLanguage":"de"},{"@type":"Organization","@id":"https:\/\/www.assent.com\/de\/#organization","name":"Assent","url":"https:\/\/www.assent.com\/de\/","logo":{"@type":"ImageObject","inLanguage":"de","@id":"https:\/\/www.assent.com\/de\/#\/schema\/logo\/image\/","url":"https:\/\/www.assent.com\/wp-content\/uploads\/2022\/01\/logo.svg","contentUrl":"https:\/\/www.assent.com\/wp-content\/uploads\/2022\/01\/logo.svg","width":1,"height":1,"caption":"Assent"},"image":{"@id":"https:\/\/www.assent.com\/de\/#\/schema\/logo\/image\/"},"sameAs":["https:\/\/www.facebook.com\/AssentCompliance\/","https:\/\/x.com\/AssentGlobal","https:\/\/www.linkedin.com\/company\/assent-compliance-inc"]}]}},"_links":{"self":[{"href":"https:\/\/www.assent.com\/de\/wp-json\/wp\/v2\/pages\/29221","targetHints":{"allow":["GET"]}}],"collection":[{"href":"https:\/\/www.assent.com\/de\/wp-json\/wp\/v2\/pages"}],"about":[{"href":"https:\/\/www.assent.com\/de\/wp-json\/wp\/v2\/types\/page"}],"author":[{"embeddable":true,"href":"https:\/\/www.assent.com\/de\/wp-json\/wp\/v2\/users\/21"}],"replies":[{"embeddable":true,"href":"https:\/\/www.assent.com\/de\/wp-json\/wp\/v2\/comments?post=29221"}],"version-history":[{"count":0,"href":"https:\/\/www.assent.com\/de\/wp-json\/wp\/v2\/pages\/29221\/revisions"}],"up":[{"embeddable":true,"href":"https:\/\/www.assent.com\/de\/wp-json\/wp\/v2\/pages\/29731"}],"wp:attachment":[{"href":"https:\/\/www.assent.com\/de\/wp-json\/wp\/v2\/media?parent=29221"}],"wp:term":[{"taxonomy":"category","embeddable":true,"href":"https:\/\/www.assent.com\/de\/wp-json\/wp\/v2\/categories?post=29221"}],"curies":[{"name":"wp","href":"https:\/\/api.w.org\/{rel}","templated":true}]}}