{"id":29197,"date":"2022-02-18T23:11:45","date_gmt":"2022-02-19T04:11:45","guid":{"rendered":"https:\/\/www.assent.com\/certifications\/"},"modified":"2025-05-09T10:05:44","modified_gmt":"2025-05-09T14:05:44","slug":"zertifizierungen","status":"publish","type":"page","link":"https:\/\/www.assent.com\/de\/unternehmen\/zertifizierungen\/","title":{"rendered":"Zertifizierungen"},"content":{"rendered":"<!-- banner area part -->\n        <section class=\"generic-hero  navy   \" ><div class=\"gh-right-triangles\"><\/div><div class=\"row hero-wrap\">\n                <div class=\"cell-7 hero-left\"><div class=\"hero-left-inner d-flex align-items-center\"><div class=\"breadcrumbs\">\n                                    <ul><\/ul>\n                                <\/div><div class=\"gh-content\"><h1 class=\"h1\">Zertifizierungen von Assent<\/h1><p>Assent setzt sich in allen Bereichen f\u00fcr Qualit\u00e4t ein und hat zahlreiche Zertifizierungen erhalten, die unser Engagement f\u00fcr Spitzenleistungen belegen.<\/p>\n<div class=\"btn-wrap\"><\/div><\/div><\/div>\n                <\/div><\/div>\n        <\/section>\n\n\n<div style=\"height:75px\" aria-hidden=\"true\" class=\"wp-block-spacer\"><\/div>\n\n\n<!-- Fifty Fifty Promo -->\n        <section class=\"fifty-fifty-promo elem-viewport \"><div class=\"container simple\"><div class=\"row \"><div class=\"cell-lg-6\"><div class=\"promo-media\"><div class=\"promo-image\">\n                                        <img decoding=\"async\" src=\"https:\/\/www.assent.com\/wp-content\/uploads\/2022\/02\/ISO-9001-badge-1.png\" alt=\"\">\n                                    <\/div><\/div><\/div>\n                    <div class=\"cell-lg-6\"><div class=\"promo-content\"><h2 class=\"h2\">Prozess-Exzellenz<\/h2><div class=\"promo-wysiwyg default\"><p>Das Hauptquartier von Assent in Ottawa ist vom T\u00dcV S\u00dcD f\u00fcr herausragende Prozesse zertifiziert worden, die konsistente, zuverl\u00e4ssige und kontinuierliche Verbesserungen garantieren und damit alle Anforderungen von ISO 9001:2015 erf\u00fcllen oder \u00fcbertreffen. Um diese Zertifikation zu erhalten, hat Assent durch \u00dcberpr\u00fcfungen und Audits einen objektiven Nachweis der Prozesskonformit\u00e4t erbracht.<\/p>\n<\/div><a href=\"\/blog\/iso9001-certification\/\" target=\"_blank\" class=\"btn\">Erfahren Sie mehr in unserem Blog<\/a><\/div><\/div>\n                <\/div><\/div>\n        <\/section>\n\n\n<div style=\"height:75px\" aria-hidden=\"true\" class=\"wp-block-spacer\"><\/div>\n\n\n<!-- Fifty Fifty Promo -->\n        <section class=\"fifty-fifty-promo elem-viewport \"><div class=\"container simple\"><div class=\"row media-right\"><div class=\"cell-lg-6\"><div class=\"promo-media\"><div class=\"promo-image\">\n                                        <img decoding=\"async\" src=\"https:\/\/www.assent.com\/wp-content\/uploads\/2022\/02\/Assent_stockImage_SocialImpact-woman-armscrossed.jpeg\" alt=\"\">\n                                    <\/div><\/div><\/div>\n                    <div class=\"cell-lg-6\"><div class=\"promo-content\"><h2 class=\"h2\">Datensicherheit<\/h2><div class=\"promo-wysiwyg default\"><p>Assent ist nach SOC  2 Typ II zertifiziert und wird j\u00e4hrlich einem Test unterzogen, um sicherzustellen, dass die Sicherheitsprozesse diesen anspruchsvollen Ma\u00dfstab weiterhin erf\u00fcllen. Die Daten werden mithilfe von strengen Protokollen, den neuesten Verschl\u00fcsselungen und durch Drittanbieter validierte Prozesse gesichert, die gew\u00e4hrleisten, dass Ihre Informationen gesch\u00fctzt sind.<\/p>\n<\/div><a href=\"https:\/\/www.assent.com\/de\/funktionen\/plattform\/lieferkette-sicherheit\/\" target=\"\" class=\"btn\">Erfahren Sie, wie Assent Ihre Daten sch\u00fctzt<\/a><\/div><\/div>\n                <\/div><\/div>\n        <\/section>\n\n\n<div style=\"height:75px\" aria-hidden=\"true\" class=\"wp-block-spacer\"><\/div>\n\n\n<!-- Fifty Fifty Promo -->\n        <section class=\"fifty-fifty-promo elem-viewport \"><div class=\"container simple\"><div class=\"row \"><div class=\"cell-lg-6\"><div class=\"promo-media\"><div class=\"promo-image\">\n                                        <img decoding=\"async\" src=\"https:\/\/www.assent.com\/wp-content\/uploads\/2022\/02\/eudamed-database-delayed-to-2022-scaled-1.jpg\" alt=\"Medical professionals discussing the EU Medical Device Regulation (MDR).\">\n                                    <\/div><\/div><\/div>\n                    <div class=\"cell-lg-6\"><div class=\"promo-content\"><h2 class=\"h2\">Datenaustausch<\/h2><div class=\"promo-wysiwyg default\"><p>Um die f\u00fcr ein nachhaltiges Wachstum erforderlichen umfassenden Daten zu erheben, nutzt Assent branchenspezifische Standards zum Datenaustausch wie IPC-1752A und IPC-1754. Diese Standards wurden vom IPC, einer einflussreichen Gruppe in der Elektronikindustrie, entwickelt und verbessern die Effizienz von Nachhaltigkeitsprogrammen f\u00fcr die Lieferkette erheblich.<\/p>\n<\/div><\/div><\/div>\n                <\/div><\/div>\n        <\/section>\n\n\n<div style=\"height:75px\" aria-hidden=\"true\" class=\"wp-block-spacer\"><\/div>\n\n\n\r\n<!-- CTA Banner --><section class=\"cta-banner elem-viewport center-aligned gradient3\">\r\n                <div class=\"container\">\r\n                    <div class=\"cta-banner-wrap\"  >\r\n                        <div class=\"row text-center\">\r\n                            <div class=\"cell-12\">\r\n                                <div class=\"cta-banner-content\"><h2 class=\"h2\">Tiefere Einblicke, intelligentere Entscheidungen und nachhaltigeres Unternehmenswachstum<\/h2><p>Erfahren Sie, wie die L\u00f6sung zur Nachhaltigkeit in der Lieferkette von Assent auf Basis bew\u00e4hrter Prozesse, F\u00e4higkeiten und Strategien aussagekr\u00e4ftige Daten erfasst, Risiken reduziert und den weltweit gr\u00f6\u00dften Unternehmen zum Erfolg verhilft.<\/p>\n<\/div>\r\n                            <\/div>\r\n                            <div class=\"cell-12\"><a href=\" https:\/\/www.assent.com\/de\/funktionen\/\" class=\"btn -white \" target=\"\">Plattform von Assent erkunden<\/a><\/div>\r\n                        <\/div>\r\n                    <\/div>\r\n                <\/div>\r\n            <\/section>\r\n<style>\r\n    @media (max-width: 991px) {\r\n        .cta-banner.image-on-right {\r\n            text-align: center;\r\n        }\r\n\r\n        .cta-banner.gradient2 .align-items-center.justify-content-center {\r\n            justify-content: center;\r\n        }\r\n\r\n        .cta-banner.gradient3 .align-items-center.justify-content-center {\r\n            justify-content: center;\r\n        }\r\n    }\r\n<\/style>\n\n\n<div style=\"height:75px\" aria-hidden=\"true\" class=\"wp-block-spacer\"><\/div>\n","protected":false},"excerpt":{"rendered":"<p>Assent setzt sich in allen Bereichen f\u00fcr Qualit\u00e4t ein und hat zahlreiche Zertifizierungen erhalten, die unser Engagement f\u00fcr Spitzenleistungen belegen.<\/p>\n","protected":false},"author":21,"featured_media":0,"parent":29488,"menu_order":0,"comment_status":"closed","ping_status":"closed","template":"","meta":{"_acf_changed":false,"footnotes":"","_links_to":"","_links_to_target":""},"categories":[],"class_list":["post-29197","page","type-page","status-publish","hentry"],"acf":[],"yoast_head":"<!-- This site is optimized with the Yoast SEO Premium plugin v26.6 (Yoast SEO v27.0) - https:\/\/yoast.com\/product\/yoast-seo-premium-wordpress\/ -->\n<title>Zertifizierungen von Assent | Assent<\/title>\n<meta name=\"description\" content=\"Assent setzt sich in allen Bereichen f\u00fcr Qualit\u00e4t ein und hat zahlreiche Zertifizierungen erhalten, die unser Engagement f\u00fcr Spitzenleistungen belegen.\" \/>\n<meta name=\"robots\" content=\"index, follow, max-snippet:-1, max-image-preview:large, max-video-preview:-1\" \/>\n<link rel=\"canonical\" href=\"https:\/\/www.assent.com\/de\/unternehmen\/zertifizierungen\/\" \/>\n<meta property=\"og:locale\" content=\"de_DE\" \/>\n<meta property=\"og:type\" content=\"article\" \/>\n<meta property=\"og:title\" content=\"Zertifizierungen\" \/>\n<meta property=\"og:description\" content=\"Assent setzt sich in allen Bereichen f\u00fcr Qualit\u00e4t ein und hat zahlreiche Zertifizierungen erhalten, die unser Engagement f\u00fcr Spitzenleistungen belegen.\" \/>\n<meta property=\"og:url\" content=\"https:\/\/www.assent.com\/de\/unternehmen\/zertifizierungen\/\" \/>\n<meta property=\"og:site_name\" content=\"Assent\" \/>\n<meta property=\"article:publisher\" content=\"https:\/\/www.facebook.com\/AssentCompliance\/\" \/>\n<meta property=\"article:modified_time\" content=\"2025-05-09T14:05:44+00:00\" \/>\n<meta name=\"twitter:card\" content=\"summary_large_image\" \/>\n<meta name=\"twitter:site\" content=\"@AssentGlobal\" \/>\n<script type=\"application\/ld+json\" class=\"yoast-schema-graph\">{\"@context\":\"https:\/\/schema.org\",\"@graph\":[{\"@type\":\"WebPage\",\"@id\":\"https:\/\/www.assent.com\/de\/unternehmen\/zertifizierungen\/\",\"url\":\"https:\/\/www.assent.com\/de\/unternehmen\/zertifizierungen\/\",\"name\":\"Zertifizierungen von Assent | Assent\",\"isPartOf\":{\"@id\":\"https:\/\/www.assent.com\/de\/#website\"},\"datePublished\":\"2022-02-19T04:11:45+00:00\",\"dateModified\":\"2025-05-09T14:05:44+00:00\",\"description\":\"Assent setzt sich in allen Bereichen f\u00fcr Qualit\u00e4t ein und hat zahlreiche Zertifizierungen erhalten, die unser Engagement f\u00fcr Spitzenleistungen belegen.\",\"breadcrumb\":{\"@id\":\"https:\/\/www.assent.com\/de\/unternehmen\/zertifizierungen\/#breadcrumb\"},\"inLanguage\":\"de\",\"potentialAction\":[{\"@type\":\"ReadAction\",\"target\":[\"https:\/\/www.assent.com\/de\/unternehmen\/zertifizierungen\/\"]}]},{\"@type\":\"BreadcrumbList\",\"@id\":\"https:\/\/www.assent.com\/de\/unternehmen\/zertifizierungen\/#breadcrumb\",\"itemListElement\":[{\"@type\":\"ListItem\",\"position\":1,\"name\":\"Home\",\"item\":\"https:\/\/www.assent.com\/de\/\"},{\"@type\":\"ListItem\",\"position\":2,\"name\":\"Unternehmen\",\"item\":\"https:\/\/www.assent.com\/de\/unternehmen\/\"},{\"@type\":\"ListItem\",\"position\":3,\"name\":\"Zertifizierungen\"}]},{\"@type\":\"WebSite\",\"@id\":\"https:\/\/www.assent.com\/de\/#website\",\"url\":\"https:\/\/www.assent.com\/de\/\",\"name\":\"Assent\",\"description\":\"\",\"publisher\":{\"@id\":\"https:\/\/www.assent.com\/de\/#organization\"},\"potentialAction\":[{\"@type\":\"SearchAction\",\"target\":{\"@type\":\"EntryPoint\",\"urlTemplate\":\"https:\/\/www.assent.com\/de\/?s={search_term_string}\"},\"query-input\":{\"@type\":\"PropertyValueSpecification\",\"valueRequired\":true,\"valueName\":\"search_term_string\"}}],\"inLanguage\":\"de\"},{\"@type\":\"Organization\",\"@id\":\"https:\/\/www.assent.com\/de\/#organization\",\"name\":\"Assent\",\"url\":\"https:\/\/www.assent.com\/de\/\",\"logo\":{\"@type\":\"ImageObject\",\"inLanguage\":\"de\",\"@id\":\"https:\/\/www.assent.com\/de\/#\/schema\/logo\/image\/\",\"url\":\"https:\/\/www.assent.com\/wp-content\/uploads\/2022\/01\/logo.svg\",\"contentUrl\":\"https:\/\/www.assent.com\/wp-content\/uploads\/2022\/01\/logo.svg\",\"width\":1,\"height\":1,\"caption\":\"Assent\"},\"image\":{\"@id\":\"https:\/\/www.assent.com\/de\/#\/schema\/logo\/image\/\"},\"sameAs\":[\"https:\/\/www.facebook.com\/AssentCompliance\/\",\"https:\/\/x.com\/AssentGlobal\",\"https:\/\/www.linkedin.com\/company\/assent-compliance-inc\"]}]}<\/script>\n<!-- \/ Yoast SEO Premium plugin. -->","yoast_head_json":{"title":"Zertifizierungen von Assent | Assent","description":"Assent setzt sich in allen Bereichen f\u00fcr Qualit\u00e4t ein und hat zahlreiche Zertifizierungen erhalten, die unser Engagement f\u00fcr Spitzenleistungen belegen.","robots":{"index":"index","follow":"follow","max-snippet":"max-snippet:-1","max-image-preview":"max-image-preview:large","max-video-preview":"max-video-preview:-1"},"canonical":"https:\/\/www.assent.com\/de\/unternehmen\/zertifizierungen\/","og_locale":"de_DE","og_type":"article","og_title":"Zertifizierungen","og_description":"Assent setzt sich in allen Bereichen f\u00fcr Qualit\u00e4t ein und hat zahlreiche Zertifizierungen erhalten, die unser Engagement f\u00fcr Spitzenleistungen belegen.","og_url":"https:\/\/www.assent.com\/de\/unternehmen\/zertifizierungen\/","og_site_name":"Assent","article_publisher":"https:\/\/www.facebook.com\/AssentCompliance\/","article_modified_time":"2025-05-09T14:05:44+00:00","twitter_card":"summary_large_image","twitter_site":"@AssentGlobal","schema":{"@context":"https:\/\/schema.org","@graph":[{"@type":"WebPage","@id":"https:\/\/www.assent.com\/de\/unternehmen\/zertifizierungen\/","url":"https:\/\/www.assent.com\/de\/unternehmen\/zertifizierungen\/","name":"Zertifizierungen von Assent | Assent","isPartOf":{"@id":"https:\/\/www.assent.com\/de\/#website"},"datePublished":"2022-02-19T04:11:45+00:00","dateModified":"2025-05-09T14:05:44+00:00","description":"Assent setzt sich in allen Bereichen f\u00fcr Qualit\u00e4t ein und hat zahlreiche Zertifizierungen erhalten, die unser Engagement f\u00fcr Spitzenleistungen belegen.","breadcrumb":{"@id":"https:\/\/www.assent.com\/de\/unternehmen\/zertifizierungen\/#breadcrumb"},"inLanguage":"de","potentialAction":[{"@type":"ReadAction","target":["https:\/\/www.assent.com\/de\/unternehmen\/zertifizierungen\/"]}]},{"@type":"BreadcrumbList","@id":"https:\/\/www.assent.com\/de\/unternehmen\/zertifizierungen\/#breadcrumb","itemListElement":[{"@type":"ListItem","position":1,"name":"Home","item":"https:\/\/www.assent.com\/de\/"},{"@type":"ListItem","position":2,"name":"Unternehmen","item":"https:\/\/www.assent.com\/de\/unternehmen\/"},{"@type":"ListItem","position":3,"name":"Zertifizierungen"}]},{"@type":"WebSite","@id":"https:\/\/www.assent.com\/de\/#website","url":"https:\/\/www.assent.com\/de\/","name":"Assent","description":"","publisher":{"@id":"https:\/\/www.assent.com\/de\/#organization"},"potentialAction":[{"@type":"SearchAction","target":{"@type":"EntryPoint","urlTemplate":"https:\/\/www.assent.com\/de\/?s={search_term_string}"},"query-input":{"@type":"PropertyValueSpecification","valueRequired":true,"valueName":"search_term_string"}}],"inLanguage":"de"},{"@type":"Organization","@id":"https:\/\/www.assent.com\/de\/#organization","name":"Assent","url":"https:\/\/www.assent.com\/de\/","logo":{"@type":"ImageObject","inLanguage":"de","@id":"https:\/\/www.assent.com\/de\/#\/schema\/logo\/image\/","url":"https:\/\/www.assent.com\/wp-content\/uploads\/2022\/01\/logo.svg","contentUrl":"https:\/\/www.assent.com\/wp-content\/uploads\/2022\/01\/logo.svg","width":1,"height":1,"caption":"Assent"},"image":{"@id":"https:\/\/www.assent.com\/de\/#\/schema\/logo\/image\/"},"sameAs":["https:\/\/www.facebook.com\/AssentCompliance\/","https:\/\/x.com\/AssentGlobal","https:\/\/www.linkedin.com\/company\/assent-compliance-inc"]}]}},"_links":{"self":[{"href":"https:\/\/www.assent.com\/de\/wp-json\/wp\/v2\/pages\/29197","targetHints":{"allow":["GET"]}}],"collection":[{"href":"https:\/\/www.assent.com\/de\/wp-json\/wp\/v2\/pages"}],"about":[{"href":"https:\/\/www.assent.com\/de\/wp-json\/wp\/v2\/types\/page"}],"author":[{"embeddable":true,"href":"https:\/\/www.assent.com\/de\/wp-json\/wp\/v2\/users\/21"}],"replies":[{"embeddable":true,"href":"https:\/\/www.assent.com\/de\/wp-json\/wp\/v2\/comments?post=29197"}],"version-history":[{"count":2,"href":"https:\/\/www.assent.com\/de\/wp-json\/wp\/v2\/pages\/29197\/revisions"}],"predecessor-version":[{"id":89031,"href":"https:\/\/www.assent.com\/de\/wp-json\/wp\/v2\/pages\/29197\/revisions\/89031"}],"up":[{"embeddable":true,"href":"https:\/\/www.assent.com\/de\/wp-json\/wp\/v2\/pages\/29488"}],"wp:attachment":[{"href":"https:\/\/www.assent.com\/de\/wp-json\/wp\/v2\/media?parent=29197"}],"wp:term":[{"taxonomy":"category","embeddable":true,"href":"https:\/\/www.assent.com\/de\/wp-json\/wp\/v2\/categories?post=29197"}],"curies":[{"name":"wp","href":"https:\/\/api.w.org\/{rel}","templated":true}]}}