{"id":29165,"date":"2022-01-26T20:39:50","date_gmt":"2022-01-27T01:39:50","guid":{"rendered":"https:\/\/www.assent.com\/andrew-waitman\/"},"modified":"2025-07-14T08:27:27","modified_gmt":"2025-07-14T12:27:27","slug":"andrew-waitman","status":"publish","type":"page","link":"https:\/\/www.assent.com\/de\/unternehmen\/fuehrungsteam\/andrew-waitman\/","title":{"rendered":"Andrew Waitman"},"content":{"rendered":"\n<section  class=\"team-bio-hero\">\n    <div class=\"team-bio-hero__wrapper\">\n    <div class=\"container\">\n        <div class=\"team-bio-hero__left\">\n            <div class=\"breadcrumbs\">\n                <ul>\n                                    <\/ul>\n            <\/div>\n            <div class=\"team-bio-hero__content\">\n                <div class=\"team-bio-hero__header\">\n                                            <h1 class=\"team-bio-hero__name\">\n                            Andrew Waitman                        <\/h1>\n                    \n                                            <div>\n                            <a href=\"https:\/\/www.linkedin.com\/in\/andrew-waitman-333322\/\" target=\"_blank\" rel=\"noopener noreferrer\" class=\"team-bio-hero__linkedin\">\n                                <svg xmlns=\"http:\/\/www.w3.org\/2000\/svg\" width=\"24\" height=\"24\" viewBox=\"0 0 24 24\" fill=\"none\">\n                                    <path d=\"M22.2283 0H1.77167C1.30179 0 0.851161 0.186657 0.518909 0.518909C0.186657 0.851161 0 1.30179 0 1.77167V22.2283C0 22.6982 0.186657 23.1488 0.518909 23.4811C0.851161 23.8133 1.30179 24 1.77167 24H22.2283C22.6982 24 23.1488 23.8133 23.4811 23.4811C23.8133 23.1488 24 22.6982 24 22.2283V1.77167C24 1.30179 23.8133 0.851161 23.4811 0.518909C23.1488 0.186657 22.6982 0 22.2283 0ZM7.15333 20.445H3.545V8.98333H7.15333V20.445ZM5.34667 7.395C4.93736 7.3927 4.53792 7.2692 4.19873 7.04009C3.85955 6.81098 3.59584 6.48653 3.44088 6.10769C3.28591 5.72885 3.24665 5.31259 3.32803 4.91145C3.40941 4.51032 3.6078 4.14228 3.89816 3.85378C4.18851 3.56529 4.55782 3.36927 4.95947 3.29046C5.36112 3.21165 5.77711 3.25359 6.15495 3.41099C6.53279 3.56838 6.85554 3.83417 7.08247 4.17481C7.30939 4.51546 7.43032 4.91569 7.43 5.325C7.43386 5.59903 7.38251 5.87104 7.27901 6.1248C7.17551 6.37857 7.02198 6.6089 6.82757 6.80207C6.63316 6.99523 6.40185 7.14728 6.14742 7.24915C5.893 7.35102 5.62067 7.40062 5.34667 7.395ZM20.4533 20.455H16.8467V14.1933C16.8467 12.3467 16.0617 11.7767 15.0483 11.7767C13.9783 11.7767 12.9283 12.5833 12.9283 14.24V20.455H9.32V8.99167H12.79V10.58H12.8367C13.185 9.875 14.405 8.67 16.2667 8.67C18.28 8.67 20.455 9.865 20.455 13.365L20.4533 20.455Z\" fill=\"currentColor\"\/>\n                                <\/svg>\n                            <\/a>\n                        <\/div>\n                                    <\/div>\n\n                                    <p class=\"team-bio-hero__title\">\n                        CEO                    <\/p>\n                            <\/div>\n        <\/div>\n        <div>\n            <img decoding=\"async\" src=\"https:\/\/www.assent.com\/wp-content\/uploads\/2025\/07\/Andrew-Waitman_large.webp\" alt=\"Andrew Waitman\" width=\"528\" height=\"574\">\n        <\/div>\n    <\/div>\n\n<\/div><\/section>\n\n\n\n\n<div style=\"height:42px\" aria-hidden=\"true\" class=\"wp-block-spacer\"><\/div>\n\n\n\r\n<!-- WYSIWYG -->\r\n        <section class=\"wysiwyg-section\">\r\n            <div class=\"container\"><p>Lernen Sie Andrew Waitman kennen, CEO von Assent. Mit seinen mehr als 30 Jahren an Erfahrung im Technologiebereich hat er wesentlich zum Wachstum des Unternehmens beigetragen. Schon vor seiner T\u00e4tigkeit bei Assent Compliance hat Andrew Waitman Unternehmen zum Erfolg verholfen. Seit seiner Ernennung zum CEO hat er wesentlich zum Unternehmenswachstum beigetragen und Assent auf die Narwhal-Liste f\u00fcr Unternehmen mit hohem Potenzial gebracht.<\/p>\n<p>In seiner vorherigen Rolle als CEO bei Pythian begleitete er als Hauptverantwortlicher die Entwicklung von einem kleinen Unternehmen zu einer der gr\u00f6\u00dften Organisationen im Bereich Professional Services. Er war zudem w\u00e4hrend der leistungsst\u00e4rksten Jahre in der Firmengeschichte von Celtic House Venture Partners als Managing Partner t\u00e4tig. Die zu dieser Zeit aus einem der Unternehmensfonds erwirtschafteten Ertr\u00e4ge machten diesen zu einem der weltweit 10 renditenst\u00e4rksten Risikofonds.<\/p>\n<p>Andrew Waitman war bislang Vorstandsmitglied bei 30 Technologieunternehmen. Derzeit sitzt er im Aufsichtsrat bei Assent und Fidus Systems sowie im Beirat von Genesys Capital.<\/p>\n<p><strong>Er bietet Unternehmen Unterst\u00fctzung in den folgenden Bereichen:<\/strong><\/p>\n<ul>\n<li>Gewinn neuer Investoren<\/li>\n<li>Nachhaltige Steigerung des Unternehmenswachstums<\/li>\n<li>Aufbau von ESG-Initiativen<\/li>\n<li>Verminderung des globalen Gesch\u00e4ftsrisikos<\/li>\n<\/ul>\n<p><a href=\"mailto:andrew.waitman@assent.com\">E-Mail an Andrew Waitman senden<\/a><\/p>\n<\/div>    \r\n        <\/section>\n\n\n<div style=\"height:84px\" aria-hidden=\"true\" class=\"wp-block-spacer\"><\/div>\n\n\n<section class=\"card-grid-comp elem-viewport \"  data-theme=\"light\">\n        <div class=\"container\">\n            <div class=\"sec-heading text-center \"><h2>Aus der Sicht von Andrew Waitman \u2013 jetzt Podcast anh\u00f6ren<\/h2> <\/div><div class=\"row justify-content-center card-box-wrap\"><div class=\"cell-lg-6 card-box\"><a href=\"https:\/\/fellow.app\/supermanagers\/andrew-waitman-assent-running-leadership-meetings-with-purpose\/\" target=\"_blank\" class=\"card-box-inner\"><div class=\"desc\"><div class=\"eyebrow-text\">Podcast<\/div><h5 class=\"title\">Supermanagers Podcast<\/h5><p>In diesem Podcast spricht Andrew Waitman \u00fcber die Entwicklung seines Managementstils. Er erl\u00e4utert zudem, wie Sie Ihre Meetings im F\u00fchrungsteam gleicherma\u00dfen strukturiert und flexibel gestalten und somit einen erfolgreichen Austausch f\u00f6rdern.<\/p>\n<span class=\"btn-link\">H\u00f6r jetzt zu<\/span><\/div><figure>\n                                <img decoding=\"async\" src=\"https:\/\/www.assent.com\/wp-content\/uploads\/2022\/01\/Assent_AndrewWaitman_PodcastPromo-min.png\" alt=\"\">\n                            <\/figure><\/a><\/div><div class=\"cell-lg-6 card-box\"><a href=\"https:\/\/www.troops.ai\/podcasts\/37-assent-compliance-ceo-andrew-waitman\" target=\"_blank\" class=\"card-box-inner\"><div class=\"desc\"><div class=\"eyebrow-text\">Podcast<\/div><h5 class=\"title\">Menschlichkeit in der Gesch\u00e4ftswelt<\/h5><p>Um Ihr Unternehmen voranzubringen, sind sorgf\u00e4ltige Planung und die richtigen F\u00fchrungsqualit\u00e4ten n\u00f6tig. In diesem Podcast widmet sich Andrew Waitman den menschlichen Kompetenzen, die f\u00fcr gesch\u00e4ftlichen Erfolg n\u00f6tig sind.<\/p>\n<span class=\"btn-link\">H\u00f6r jetzt zu<\/span><\/div><figure>\n                                <img decoding=\"async\" src=\"https:\/\/www.assent.com\/wp-content\/uploads\/2022\/01\/Assent_AndrewWaitman_PodcastPromo_BuiltByHumans-min.jpeg\" alt=\"\">\n                            <\/figure><\/a><\/div><div class=\"cell-lg-6 card-box\"><a href=\"https:\/\/metadata.io\/resources\/podcasts\/episode-17-todd-olson-and-andrew-waitman\/\" target=\"_blank\" class=\"card-box-inner\"><div class=\"desc\"><div class=\"eyebrow-text\">Podcast<\/div><h5 class=\"title\">Positionierung in neuen Kategorien f\u00fcr B2B-Unternehmen<\/h5><p>Als Unternehmen eine neue Kategorie zu besetzen, kann eine Herausforderung darstellen. Es gibt allerdings einige konkrete Vorgehensweisen, die Ihnen die Aufgabe erleichtern. Andrew Waitman erl\u00e4utert die zentrale Bedeutung der Berechnung der Marktgr\u00f6\u00dfe, der Qualit\u00e4tstechnik sowie der Entwicklung einer soliden Markenstrategie f\u00fcr die Definition Ihrer Marktkategorie.<\/p>\n<span class=\"btn-link\">H\u00f6r jetzt zu<\/span><\/div><figure>\n                                <img decoding=\"async\" src=\"https:\/\/www.assent.com\/wp-content\/uploads\/2022\/01\/Assent_AndrewWaitman_PodcastProomo_B2BCategoryCreators-min.png\" alt=\"\">\n                            <\/figure><\/a><\/div><\/div><\/div>\n    <\/section>","protected":false},"excerpt":{"rendered":"<p>Meet Assent\u2019s CEO, Andrew Waitman. His experience at over 30 technology companies has been integral to the company\u2019s growth.<\/p>\n","protected":false},"author":21,"featured_media":0,"parent":29528,"menu_order":0,"comment_status":"closed","ping_status":"closed","template":"","meta":{"_acf_changed":false,"footnotes":"","_links_to":"","_links_to_target":""},"categories":[],"class_list":["post-29165","page","type-page","status-publish","hentry"],"acf":[],"yoast_head":"<!-- This site is optimized with the Yoast SEO Premium plugin v26.6 (Yoast SEO v27.0) - https:\/\/yoast.com\/product\/yoast-seo-premium-wordpress\/ -->\n<title>Andrew Waitman | Unternehmensleitung | Assent<\/title>\n<meta name=\"description\" content=\"Lernen Sie Andrew Waitman kennen, CEO von Assent. Mit seinen mehr als 30 Jahren an Erfahrung im Technologiebereich hat er wesentlich zum Wachstum des Unternehmens beigetragen.\" \/>\n<meta name=\"robots\" content=\"index, follow, max-snippet:-1, max-image-preview:large, max-video-preview:-1\" \/>\n<link rel=\"canonical\" href=\"https:\/\/www.assent.com\/de\/unternehmen\/fuehrungsteam\/andrew-waitman\/\" \/>\n<meta property=\"og:locale\" content=\"de_DE\" \/>\n<meta property=\"og:type\" content=\"article\" \/>\n<meta property=\"og:title\" content=\"Andrew Waitman\" \/>\n<meta property=\"og:description\" content=\"Lernen Sie Andrew Waitman kennen, CEO von Assent. Mit seinen mehr als 30 Jahren an Erfahrung im Technologiebereich hat er wesentlich zum Wachstum des Unternehmens beigetragen.\" \/>\n<meta property=\"og:url\" content=\"https:\/\/www.assent.com\/de\/unternehmen\/fuehrungsteam\/andrew-waitman\/\" \/>\n<meta property=\"og:site_name\" content=\"Assent\" \/>\n<meta property=\"article:publisher\" content=\"https:\/\/www.facebook.com\/AssentCompliance\/\" \/>\n<meta property=\"article:modified_time\" content=\"2025-07-14T12:27:27+00:00\" \/>\n<meta name=\"twitter:card\" content=\"summary_large_image\" \/>\n<meta name=\"twitter:site\" content=\"@AssentGlobal\" \/>\n<script type=\"application\/ld+json\" class=\"yoast-schema-graph\">{\"@context\":\"https:\/\/schema.org\",\"@graph\":[{\"@type\":\"WebPage\",\"@id\":\"https:\/\/www.assent.com\/de\/unternehmen\/fuehrungsteam\/andrew-waitman\/\",\"url\":\"https:\/\/www.assent.com\/de\/unternehmen\/fuehrungsteam\/andrew-waitman\/\",\"name\":\"Andrew Waitman | Unternehmensleitung | Assent\",\"isPartOf\":{\"@id\":\"https:\/\/www.assent.com\/de\/#website\"},\"datePublished\":\"2022-01-27T01:39:50+00:00\",\"dateModified\":\"2025-07-14T12:27:27+00:00\",\"description\":\"Lernen Sie Andrew Waitman kennen, CEO von Assent. Mit seinen mehr als 30 Jahren an Erfahrung im Technologiebereich hat er wesentlich zum Wachstum des Unternehmens beigetragen.\",\"breadcrumb\":{\"@id\":\"https:\/\/www.assent.com\/de\/unternehmen\/fuehrungsteam\/andrew-waitman\/#breadcrumb\"},\"inLanguage\":\"de\",\"potentialAction\":[{\"@type\":\"ReadAction\",\"target\":[\"https:\/\/www.assent.com\/de\/unternehmen\/fuehrungsteam\/andrew-waitman\/\"]}]},{\"@type\":\"BreadcrumbList\",\"@id\":\"https:\/\/www.assent.com\/de\/unternehmen\/fuehrungsteam\/andrew-waitman\/#breadcrumb\",\"itemListElement\":[{\"@type\":\"ListItem\",\"position\":1,\"name\":\"Home\",\"item\":\"https:\/\/www.assent.com\/de\/\"},{\"@type\":\"ListItem\",\"position\":2,\"name\":\"Unternehmen\",\"item\":\"https:\/\/www.assent.com\/de\/unternehmen\/\"},{\"@type\":\"ListItem\",\"position\":3,\"name\":\"F\u00fchrungsteam\",\"item\":\"https:\/\/www.assent.com\/de\/unternehmen\/fuehrungsteam\/\"},{\"@type\":\"ListItem\",\"position\":4,\"name\":\"Andrew Waitman\"}]},{\"@type\":\"WebSite\",\"@id\":\"https:\/\/www.assent.com\/de\/#website\",\"url\":\"https:\/\/www.assent.com\/de\/\",\"name\":\"Assent\",\"description\":\"\",\"publisher\":{\"@id\":\"https:\/\/www.assent.com\/de\/#organization\"},\"potentialAction\":[{\"@type\":\"SearchAction\",\"target\":{\"@type\":\"EntryPoint\",\"urlTemplate\":\"https:\/\/www.assent.com\/de\/?s={search_term_string}\"},\"query-input\":{\"@type\":\"PropertyValueSpecification\",\"valueRequired\":true,\"valueName\":\"search_term_string\"}}],\"inLanguage\":\"de\"},{\"@type\":\"Organization\",\"@id\":\"https:\/\/www.assent.com\/de\/#organization\",\"name\":\"Assent\",\"url\":\"https:\/\/www.assent.com\/de\/\",\"logo\":{\"@type\":\"ImageObject\",\"inLanguage\":\"de\",\"@id\":\"https:\/\/www.assent.com\/de\/#\/schema\/logo\/image\/\",\"url\":\"https:\/\/www.assent.com\/wp-content\/uploads\/2022\/01\/logo.svg\",\"contentUrl\":\"https:\/\/www.assent.com\/wp-content\/uploads\/2022\/01\/logo.svg\",\"width\":1,\"height\":1,\"caption\":\"Assent\"},\"image\":{\"@id\":\"https:\/\/www.assent.com\/de\/#\/schema\/logo\/image\/\"},\"sameAs\":[\"https:\/\/www.facebook.com\/AssentCompliance\/\",\"https:\/\/x.com\/AssentGlobal\",\"https:\/\/www.linkedin.com\/company\/assent-compliance-inc\"]}]}<\/script>\n<!-- \/ Yoast SEO Premium plugin. -->","yoast_head_json":{"title":"Andrew Waitman | Unternehmensleitung | Assent","description":"Lernen Sie Andrew Waitman kennen, CEO von Assent. Mit seinen mehr als 30 Jahren an Erfahrung im Technologiebereich hat er wesentlich zum Wachstum des Unternehmens beigetragen.","robots":{"index":"index","follow":"follow","max-snippet":"max-snippet:-1","max-image-preview":"max-image-preview:large","max-video-preview":"max-video-preview:-1"},"canonical":"https:\/\/www.assent.com\/de\/unternehmen\/fuehrungsteam\/andrew-waitman\/","og_locale":"de_DE","og_type":"article","og_title":"Andrew Waitman","og_description":"Lernen Sie Andrew Waitman kennen, CEO von Assent. Mit seinen mehr als 30 Jahren an Erfahrung im Technologiebereich hat er wesentlich zum Wachstum des Unternehmens beigetragen.","og_url":"https:\/\/www.assent.com\/de\/unternehmen\/fuehrungsteam\/andrew-waitman\/","og_site_name":"Assent","article_publisher":"https:\/\/www.facebook.com\/AssentCompliance\/","article_modified_time":"2025-07-14T12:27:27+00:00","twitter_card":"summary_large_image","twitter_site":"@AssentGlobal","schema":{"@context":"https:\/\/schema.org","@graph":[{"@type":"WebPage","@id":"https:\/\/www.assent.com\/de\/unternehmen\/fuehrungsteam\/andrew-waitman\/","url":"https:\/\/www.assent.com\/de\/unternehmen\/fuehrungsteam\/andrew-waitman\/","name":"Andrew Waitman | Unternehmensleitung | Assent","isPartOf":{"@id":"https:\/\/www.assent.com\/de\/#website"},"datePublished":"2022-01-27T01:39:50+00:00","dateModified":"2025-07-14T12:27:27+00:00","description":"Lernen Sie Andrew Waitman kennen, CEO von Assent. Mit seinen mehr als 30 Jahren an Erfahrung im Technologiebereich hat er wesentlich zum Wachstum des Unternehmens beigetragen.","breadcrumb":{"@id":"https:\/\/www.assent.com\/de\/unternehmen\/fuehrungsteam\/andrew-waitman\/#breadcrumb"},"inLanguage":"de","potentialAction":[{"@type":"ReadAction","target":["https:\/\/www.assent.com\/de\/unternehmen\/fuehrungsteam\/andrew-waitman\/"]}]},{"@type":"BreadcrumbList","@id":"https:\/\/www.assent.com\/de\/unternehmen\/fuehrungsteam\/andrew-waitman\/#breadcrumb","itemListElement":[{"@type":"ListItem","position":1,"name":"Home","item":"https:\/\/www.assent.com\/de\/"},{"@type":"ListItem","position":2,"name":"Unternehmen","item":"https:\/\/www.assent.com\/de\/unternehmen\/"},{"@type":"ListItem","position":3,"name":"F\u00fchrungsteam","item":"https:\/\/www.assent.com\/de\/unternehmen\/fuehrungsteam\/"},{"@type":"ListItem","position":4,"name":"Andrew Waitman"}]},{"@type":"WebSite","@id":"https:\/\/www.assent.com\/de\/#website","url":"https:\/\/www.assent.com\/de\/","name":"Assent","description":"","publisher":{"@id":"https:\/\/www.assent.com\/de\/#organization"},"potentialAction":[{"@type":"SearchAction","target":{"@type":"EntryPoint","urlTemplate":"https:\/\/www.assent.com\/de\/?s={search_term_string}"},"query-input":{"@type":"PropertyValueSpecification","valueRequired":true,"valueName":"search_term_string"}}],"inLanguage":"de"},{"@type":"Organization","@id":"https:\/\/www.assent.com\/de\/#organization","name":"Assent","url":"https:\/\/www.assent.com\/de\/","logo":{"@type":"ImageObject","inLanguage":"de","@id":"https:\/\/www.assent.com\/de\/#\/schema\/logo\/image\/","url":"https:\/\/www.assent.com\/wp-content\/uploads\/2022\/01\/logo.svg","contentUrl":"https:\/\/www.assent.com\/wp-content\/uploads\/2022\/01\/logo.svg","width":1,"height":1,"caption":"Assent"},"image":{"@id":"https:\/\/www.assent.com\/de\/#\/schema\/logo\/image\/"},"sameAs":["https:\/\/www.facebook.com\/AssentCompliance\/","https:\/\/x.com\/AssentGlobal","https:\/\/www.linkedin.com\/company\/assent-compliance-inc"]}]}},"_links":{"self":[{"href":"https:\/\/www.assent.com\/de\/wp-json\/wp\/v2\/pages\/29165","targetHints":{"allow":["GET"]}}],"collection":[{"href":"https:\/\/www.assent.com\/de\/wp-json\/wp\/v2\/pages"}],"about":[{"href":"https:\/\/www.assent.com\/de\/wp-json\/wp\/v2\/types\/page"}],"author":[{"embeddable":true,"href":"https:\/\/www.assent.com\/de\/wp-json\/wp\/v2\/users\/21"}],"replies":[{"embeddable":true,"href":"https:\/\/www.assent.com\/de\/wp-json\/wp\/v2\/comments?post=29165"}],"version-history":[{"count":1,"href":"https:\/\/www.assent.com\/de\/wp-json\/wp\/v2\/pages\/29165\/revisions"}],"predecessor-version":[{"id":93653,"href":"https:\/\/www.assent.com\/de\/wp-json\/wp\/v2\/pages\/29165\/revisions\/93653"}],"up":[{"embeddable":true,"href":"https:\/\/www.assent.com\/de\/wp-json\/wp\/v2\/pages\/29528"}],"wp:attachment":[{"href":"https:\/\/www.assent.com\/de\/wp-json\/wp\/v2\/media?parent=29165"}],"wp:term":[{"taxonomy":"category","embeddable":true,"href":"https:\/\/www.assent.com\/de\/wp-json\/wp\/v2\/categories?post=29165"}],"curies":[{"name":"wp","href":"https:\/\/api.w.org\/{rel}","templated":true}]}}