{"id":29108,"date":"2022-01-27T18:09:11","date_gmt":"2022-01-27T23:09:11","guid":{"rendered":"https:\/\/www.assent.com\/solutions\/industry\/"},"modified":"2026-01-23T00:19:11","modified_gmt":"2026-01-23T05:19:11","slug":"branche","status":"publish","type":"page","link":"https:\/\/www.assent.com\/de\/loesungen\/branche\/","title":{"rendered":"Nach Branche"},"content":{"rendered":"<!-- banner area part -->\n        <section class=\"generic-hero  navy   \" ><div class=\"gh-right-triangles\"><\/div><div class=\"row hero-wrap\">\n                <div class=\"cell-7 hero-left\"><div class=\"hero-left-inner d-flex align-items-center\"><div class=\"gh-content\"><h1 class=\"h1\">L\u00f6sungen von Assent nach Branche<\/h1><p>Entdecken Sie, wie unsere automatisierten L\u00f6sungen f\u00fcr das Nachhaltigkeitsmanagement in der Lieferkette Unternehmen mit komplexen Fertigungsprozessen helfen, tiefere Einblicke zu erhalten, intelligentere Entscheidungen zu treffen und nachhaltiger zu wachsen.<\/p>\n<div class=\"btn-wrap\"><\/div><\/div><\/div>\n                <\/div><\/div>\n        <\/section>\n\n\n<div style=\"height:75px\" aria-hidden=\"true\" class=\"wp-block-spacer\"><\/div>\n\n\n<!-- Fifty Fifty Promo -->\n        <section class=\"fifty-fifty-promo elem-viewport \"><div class=\"container simple\"><div class=\"row media-right\"><div class=\"cell-lg-6\"><div class=\"promo-media\"><div class=\"promo-image\">\n                                        <img decoding=\"async\" src=\"https:\/\/www.assent.com\/wp-content\/uploads\/2022\/02\/Assent_stockImage_CustomerImpact_medical-heart-monitors-machines-e1652375220418.jpg\" alt=\"File di dispositivi medici per il monitoraggio cardiaco\">\n                                    <\/div><\/div><\/div>\n                    <div class=\"cell-lg-6\"><div class=\"promo-content\"><div class=\"eyebrow-text\">L\u00f6sung<\/div><h2 class=\"h2\">Medizintechnikbranche<\/h2><div class=\"promo-wysiwyg default\"><p>Hersteller von Medizinger\u00e4ten unterliegen \u00e4u\u00dferst strengen Kontrollen. Dementsprechend m\u00fcssen Compliance- sowie ESG-Programme (Umwelt, Soziales und Unternehmensf\u00fchrung) stichhaltig, vertretbar und tiefgreifend sein.<\/p>\n<\/div><a href=\"https:\/\/www.assent.com\/de\/loesungen\/branche\/medizintechnik-lieferkette\/\" target=\"\" class=\"btn\">Unsere L\u00f6sungen ansehen<\/a><\/div><\/div>\n                <\/div><\/div>\n        <\/section>\n\n\n<div style=\"height:75px\" aria-hidden=\"true\" class=\"wp-block-spacer\"><\/div>\n\n\n<!-- Fifty Fifty Promo -->\n        <section class=\"fifty-fifty-promo elem-viewport \"><div class=\"container simple\"><div class=\"row \"><div class=\"cell-lg-6\"><div class=\"promo-media\"><div class=\"promo-image\">\n                                        <img decoding=\"async\" src=\"https:\/\/www.assent.com\/wp-content\/uploads\/2022\/02\/Assent_stockImage_CustomerImpact_electronics-microchips-stacked-e1652375198760.jpg\" alt=\"File di microchip\">\n                                    <\/div><\/div><\/div>\n                    <div class=\"cell-lg-6\"><div class=\"promo-content\"><div class=\"eyebrow-text\">L\u00f6sung<\/div><h2 class=\"h2\">Elektronikbranche<\/h2><div class=\"promo-wysiwyg default\"><p>Elektronikhersteller sind stark reguliert und vertreiben ihre Produkte an eine Reihe von Branchen. Die L\u00f6sung f\u00fcr Nachhaltigkeit in der Lieferkette von Assent bietet Ihnen tiefere Einblicke und nachhaltigeres Unternehmenswachstum f\u00fcr Ihren Gesch\u00e4ftserfolg.<\/p>\n<\/div><a href=\"https:\/\/www.assent.com\/de\/loesungen\/branche\/elektronik-lieferkette\/\" target=\"\" class=\"btn\">Unsere L\u00f6sungen ansehen<\/a><\/div><\/div>\n                <\/div><\/div>\n        <\/section>\n\n\n<div style=\"height:75px\" aria-hidden=\"true\" class=\"wp-block-spacer\"><\/div>\n\n\n<!-- Fifty Fifty Promo -->\n        <section class=\"fifty-fifty-promo elem-viewport \"><div class=\"container simple\"><div class=\"row media-right\"><div class=\"cell-lg-6\"><div class=\"promo-media\"><div class=\"promo-image\">\n                                        <img decoding=\"async\" src=\"https:\/\/www.assent.com\/wp-content\/uploads\/2022\/02\/Assent_stockImage_CustomerImpact-silver-rings.jpeg\" alt=\"Primo piano di una scatola di rondelle in argento\">\n                                    <\/div><\/div><\/div>\n                    <div class=\"cell-lg-6\"><div class=\"promo-content\"><div class=\"eyebrow-text\">L\u00f6sung<\/div><h2 class=\"h2\">Industrieausr\u00fcstungs-branche<\/h2><div class=\"promo-wysiwyg default\"><p>Lieferketten von Industrieausr\u00fcstungsunternehmen sind hochkomplex. Ihre L\u00f6sung f\u00fcr langfristige Nachhaltigkeit muss das nicht sein. Erfahren Sie, wie Assent Ihnen tiefere Einblicke, intelligentere Entscheidungen und nachhaltiges Unternehmenswachstum erm\u00f6glicht.<\/p>\n<\/div><a href=\"https:\/\/www.assent.com\/de\/loesungen\/branche\/industrieausrustung-lieferkette-loesungen\/\" target=\"\" class=\"btn\">Unsere L\u00f6sungen ansehen<\/a><\/div><\/div>\n                <\/div><\/div>\n        <\/section>\n\n\n<div style=\"height:75px\" aria-hidden=\"true\" class=\"wp-block-spacer\"><\/div>\n\n\n<!-- Fifty Fifty Promo -->\n        <section class=\"fifty-fifty-promo elem-viewport \"><div class=\"container simple\"><div class=\"row \"><div class=\"cell-lg-6\"><div class=\"promo-media\"><div class=\"promo-image\">\n                                        <img decoding=\"async\" src=\"https:\/\/www.assent.com\/wp-content\/uploads\/2022\/02\/Assent_stockImage_CustomerImpact-cars-parkinglot.jpeg\" alt=\"File di auto in un parcheggio\">\n                                    <\/div><\/div><\/div>\n                    <div class=\"cell-lg-6\"><div class=\"promo-content\"><div class=\"eyebrow-text\">L\u00f6sung<\/div><h2 class=\"h2\">Automobilbranche<\/h2><div class=\"promo-wysiwyg default\"><p>Lieferketten in der Automobilbranche sind \u00e4u\u00dferst komplex. Assent verschafft den \u00dcberblick \u2013 und erm\u00f6glicht tiefere Einblicke, intelligentere Entscheidungen und nachhaltigeres Unternehmenswachstum.<\/p>\n<\/div><a href=\"https:\/\/www.assent.com\/de\/loesungen\/branche\/loesungen-nachhaltigkeit-lieferkette-automobilbranche\/\" target=\"\" class=\"btn\">Unsere L\u00f6sungen ansehen<\/a><\/div><\/div>\n                <\/div><\/div>\n        <\/section>\n\n\n<div style=\"height:75px\" aria-hidden=\"true\" class=\"wp-block-spacer\"><\/div>\n\n\n<!-- Fifty Fifty Promo -->\n        <section class=\"fifty-fifty-promo elem-viewport \"><div class=\"container simple\"><div class=\"row media-right\"><div class=\"cell-lg-6\"><div class=\"promo-media\"><div class=\"promo-image\">\n                                        <img decoding=\"async\" src=\"https:\/\/www.assent.com\/wp-content\/uploads\/2022\/02\/Assent_stockImage_CustomerImpact-propeller-closeup-\u2013-2.jpeg\" alt=\"Primo piano dell'elica di un aereo\">\n                                    <\/div><\/div><\/div>\n                    <div class=\"cell-lg-6\"><div class=\"promo-content\"><div class=\"eyebrow-text\">L\u00f6sung<\/div><h2 class=\"h2\">Luft-und Raumfahrt- und Verteidigungsindustrie<\/h2><div class=\"promo-wysiwyg default\"><p>Lieferketten in der Luft-und Raumfahrt- und Verteidigungsindustrie sind \u00e4u\u00dferst komplex. Assent bietet die einzige L\u00f6sung, die Ihnen die erforderliche Tiefe und Transparenz bietet, um Nachhaltigkeits- und Compliance-Programme auf Erfolgskurs zu bringen.<\/p>\n<\/div><a href=\"https:\/\/www.assent.com\/de\/loesungen\/branche\/luftfahrt-raumfahrt-lieferkette\/\" target=\"\" class=\"btn\">Unsere L\u00f6sungen ansehen<\/a><\/div><\/div>\n                <\/div><\/div>\n        <\/section>\n\n\n<div style=\"height:75px\" aria-hidden=\"true\" class=\"wp-block-spacer\"><\/div>\n","protected":false},"excerpt":{"rendered":"<p>Sehen Sie sich die Produkt-Compliance- und ESG-L\u00f6sungen von Assent nach Branchen an.<\/p>\n","protected":false},"author":21,"featured_media":0,"parent":29100,"menu_order":0,"comment_status":"closed","ping_status":"closed","template":"","meta":{"_acf_changed":false,"footnotes":"","_links_to":"","_links_to_target":""},"categories":[],"class_list":["post-29108","page","type-page","status-publish","hentry"],"acf":[],"yoast_head":"<!-- This site is optimized with the Yoast SEO Premium plugin v26.6 (Yoast SEO v27.0) - https:\/\/yoast.com\/product\/yoast-seo-premium-wordpress\/ -->\n<title>Nach Branche | Assent<\/title>\n<meta name=\"description\" content=\"Sehen Sie sich die Produkt-Compliance- und ESG-L\u00f6sungen von Assent nach Branchen an.\" \/>\n<meta name=\"robots\" content=\"index, follow, max-snippet:-1, max-image-preview:large, max-video-preview:-1\" \/>\n<link rel=\"canonical\" href=\"https:\/\/www.assent.com\/de\/loesungen\/branche\/\" \/>\n<meta property=\"og:locale\" content=\"de_DE\" \/>\n<meta property=\"og:type\" content=\"article\" \/>\n<meta property=\"og:title\" content=\"Nach Branche\" \/>\n<meta property=\"og:description\" content=\"Sehen Sie sich die Produkt-Compliance- und ESG-L\u00f6sungen von Assent nach Branchen an.\" \/>\n<meta property=\"og:url\" content=\"https:\/\/www.assent.com\/de\/loesungen\/branche\/\" \/>\n<meta property=\"og:site_name\" content=\"Assent\" \/>\n<meta property=\"article:publisher\" content=\"https:\/\/www.facebook.com\/AssentCompliance\/\" \/>\n<meta property=\"article:modified_time\" content=\"2026-01-23T05:19:11+00:00\" \/>\n<meta name=\"twitter:card\" content=\"summary_large_image\" \/>\n<meta name=\"twitter:site\" content=\"@AssentGlobal\" \/>\n<script type=\"application\/ld+json\" class=\"yoast-schema-graph\">{\"@context\":\"https:\/\/schema.org\",\"@graph\":[{\"@type\":\"WebPage\",\"@id\":\"https:\/\/www.assent.com\/de\/loesungen\/branche\/\",\"url\":\"https:\/\/www.assent.com\/de\/loesungen\/branche\/\",\"name\":\"Nach Branche | Assent\",\"isPartOf\":{\"@id\":\"https:\/\/www.assent.com\/de\/#website\"},\"datePublished\":\"2022-01-27T23:09:11+00:00\",\"dateModified\":\"2026-01-23T05:19:11+00:00\",\"description\":\"Sehen Sie sich die Produkt-Compliance- und ESG-L\u00f6sungen von Assent nach Branchen an.\",\"breadcrumb\":{\"@id\":\"https:\/\/www.assent.com\/de\/loesungen\/branche\/#breadcrumb\"},\"inLanguage\":\"de\",\"potentialAction\":[{\"@type\":\"ReadAction\",\"target\":[\"https:\/\/www.assent.com\/de\/loesungen\/branche\/\"]}]},{\"@type\":\"BreadcrumbList\",\"@id\":\"https:\/\/www.assent.com\/de\/loesungen\/branche\/#breadcrumb\",\"itemListElement\":[{\"@type\":\"ListItem\",\"position\":1,\"name\":\"Home\",\"item\":\"https:\/\/www.assent.com\/de\/\"},{\"@type\":\"ListItem\",\"position\":2,\"name\":\"L\u00f6sungen\",\"item\":\"https:\/\/www.assent.com\/de\/loesungen\/\"},{\"@type\":\"ListItem\",\"position\":3,\"name\":\"Nach Branche\"}]},{\"@type\":\"WebSite\",\"@id\":\"https:\/\/www.assent.com\/de\/#website\",\"url\":\"https:\/\/www.assent.com\/de\/\",\"name\":\"Assent\",\"description\":\"\",\"publisher\":{\"@id\":\"https:\/\/www.assent.com\/de\/#organization\"},\"potentialAction\":[{\"@type\":\"SearchAction\",\"target\":{\"@type\":\"EntryPoint\",\"urlTemplate\":\"https:\/\/www.assent.com\/de\/?s={search_term_string}\"},\"query-input\":{\"@type\":\"PropertyValueSpecification\",\"valueRequired\":true,\"valueName\":\"search_term_string\"}}],\"inLanguage\":\"de\"},{\"@type\":\"Organization\",\"@id\":\"https:\/\/www.assent.com\/de\/#organization\",\"name\":\"Assent\",\"url\":\"https:\/\/www.assent.com\/de\/\",\"logo\":{\"@type\":\"ImageObject\",\"inLanguage\":\"de\",\"@id\":\"https:\/\/www.assent.com\/de\/#\/schema\/logo\/image\/\",\"url\":\"https:\/\/www.assent.com\/wp-content\/uploads\/2022\/01\/logo.svg\",\"contentUrl\":\"https:\/\/www.assent.com\/wp-content\/uploads\/2022\/01\/logo.svg\",\"width\":1,\"height\":1,\"caption\":\"Assent\"},\"image\":{\"@id\":\"https:\/\/www.assent.com\/de\/#\/schema\/logo\/image\/\"},\"sameAs\":[\"https:\/\/www.facebook.com\/AssentCompliance\/\",\"https:\/\/x.com\/AssentGlobal\",\"https:\/\/www.linkedin.com\/company\/assent-compliance-inc\"]}]}<\/script>\n<!-- \/ Yoast SEO Premium plugin. -->","yoast_head_json":{"title":"Nach Branche | Assent","description":"Sehen Sie sich die Produkt-Compliance- und ESG-L\u00f6sungen von Assent nach Branchen an.","robots":{"index":"index","follow":"follow","max-snippet":"max-snippet:-1","max-image-preview":"max-image-preview:large","max-video-preview":"max-video-preview:-1"},"canonical":"https:\/\/www.assent.com\/de\/loesungen\/branche\/","og_locale":"de_DE","og_type":"article","og_title":"Nach Branche","og_description":"Sehen Sie sich die Produkt-Compliance- und ESG-L\u00f6sungen von Assent nach Branchen an.","og_url":"https:\/\/www.assent.com\/de\/loesungen\/branche\/","og_site_name":"Assent","article_publisher":"https:\/\/www.facebook.com\/AssentCompliance\/","article_modified_time":"2026-01-23T05:19:11+00:00","twitter_card":"summary_large_image","twitter_site":"@AssentGlobal","schema":{"@context":"https:\/\/schema.org","@graph":[{"@type":"WebPage","@id":"https:\/\/www.assent.com\/de\/loesungen\/branche\/","url":"https:\/\/www.assent.com\/de\/loesungen\/branche\/","name":"Nach Branche | Assent","isPartOf":{"@id":"https:\/\/www.assent.com\/de\/#website"},"datePublished":"2022-01-27T23:09:11+00:00","dateModified":"2026-01-23T05:19:11+00:00","description":"Sehen Sie sich die Produkt-Compliance- und ESG-L\u00f6sungen von Assent nach Branchen an.","breadcrumb":{"@id":"https:\/\/www.assent.com\/de\/loesungen\/branche\/#breadcrumb"},"inLanguage":"de","potentialAction":[{"@type":"ReadAction","target":["https:\/\/www.assent.com\/de\/loesungen\/branche\/"]}]},{"@type":"BreadcrumbList","@id":"https:\/\/www.assent.com\/de\/loesungen\/branche\/#breadcrumb","itemListElement":[{"@type":"ListItem","position":1,"name":"Home","item":"https:\/\/www.assent.com\/de\/"},{"@type":"ListItem","position":2,"name":"L\u00f6sungen","item":"https:\/\/www.assent.com\/de\/loesungen\/"},{"@type":"ListItem","position":3,"name":"Nach Branche"}]},{"@type":"WebSite","@id":"https:\/\/www.assent.com\/de\/#website","url":"https:\/\/www.assent.com\/de\/","name":"Assent","description":"","publisher":{"@id":"https:\/\/www.assent.com\/de\/#organization"},"potentialAction":[{"@type":"SearchAction","target":{"@type":"EntryPoint","urlTemplate":"https:\/\/www.assent.com\/de\/?s={search_term_string}"},"query-input":{"@type":"PropertyValueSpecification","valueRequired":true,"valueName":"search_term_string"}}],"inLanguage":"de"},{"@type":"Organization","@id":"https:\/\/www.assent.com\/de\/#organization","name":"Assent","url":"https:\/\/www.assent.com\/de\/","logo":{"@type":"ImageObject","inLanguage":"de","@id":"https:\/\/www.assent.com\/de\/#\/schema\/logo\/image\/","url":"https:\/\/www.assent.com\/wp-content\/uploads\/2022\/01\/logo.svg","contentUrl":"https:\/\/www.assent.com\/wp-content\/uploads\/2022\/01\/logo.svg","width":1,"height":1,"caption":"Assent"},"image":{"@id":"https:\/\/www.assent.com\/de\/#\/schema\/logo\/image\/"},"sameAs":["https:\/\/www.facebook.com\/AssentCompliance\/","https:\/\/x.com\/AssentGlobal","https:\/\/www.linkedin.com\/company\/assent-compliance-inc"]}]}},"_links":{"self":[{"href":"https:\/\/www.assent.com\/de\/wp-json\/wp\/v2\/pages\/29108","targetHints":{"allow":["GET"]}}],"collection":[{"href":"https:\/\/www.assent.com\/de\/wp-json\/wp\/v2\/pages"}],"about":[{"href":"https:\/\/www.assent.com\/de\/wp-json\/wp\/v2\/types\/page"}],"author":[{"embeddable":true,"href":"https:\/\/www.assent.com\/de\/wp-json\/wp\/v2\/users\/21"}],"replies":[{"embeddable":true,"href":"https:\/\/www.assent.com\/de\/wp-json\/wp\/v2\/comments?post=29108"}],"version-history":[{"count":2,"href":"https:\/\/www.assent.com\/de\/wp-json\/wp\/v2\/pages\/29108\/revisions"}],"predecessor-version":[{"id":107897,"href":"https:\/\/www.assent.com\/de\/wp-json\/wp\/v2\/pages\/29108\/revisions\/107897"}],"up":[{"embeddable":true,"href":"https:\/\/www.assent.com\/de\/wp-json\/wp\/v2\/pages\/29100"}],"wp:attachment":[{"href":"https:\/\/www.assent.com\/de\/wp-json\/wp\/v2\/media?parent=29108"}],"wp:term":[{"taxonomy":"category","embeddable":true,"href":"https:\/\/www.assent.com\/de\/wp-json\/wp\/v2\/categories?post=29108"}],"curies":[{"name":"wp","href":"https:\/\/api.w.org\/{rel}","templated":true}]}}