{"id":176904,"date":"2026-04-14T14:51:08","date_gmt":"2026-04-14T18:51:08","guid":{"rendered":"https:\/\/www.assent.com\/?page_id=176904"},"modified":"2026-04-14T14:51:10","modified_gmt":"2026-04-14T18:51:10","slug":"kyle-erickson","status":"publish","type":"page","link":"https:\/\/www.assent.com\/de\/funktionen\/expertise\/kyle-erickson\/","title":{"rendered":"Kyle Erickson"},"content":{"rendered":"\n<div style=\"height:75px\" aria-hidden=\"true\" class=\"wp-block-spacer\"><\/div>\n\n\n\r\n<!-- WYSIWYG -->\r\n        <section class=\"wysiwyg-section\">\r\n            <div class=\"container\"><h1>Kyle Erickson<\/h1>\n<h6>Leitender Regulierungsexperte<\/h6>\n<p><img decoding=\"async\" class=\"alignright wp-image-110548 size-medium\" src=\"https:\/\/www.assent.com\/wp-content\/uploads\/2026\/03\/Kyle-Erickson-300x300.webp\" alt=\"Kyle Erickson\" width=\"300\" height=\"300\" srcset=\"https:\/\/www.assent.com\/wp-content\/uploads\/2026\/03\/Kyle-Erickson-300x300.webp 300w, https:\/\/www.assent.com\/wp-content\/uploads\/2026\/03\/Kyle-Erickson-1024x1024.webp 1024w, https:\/\/www.assent.com\/wp-content\/uploads\/2026\/03\/Kyle-Erickson-150x150.webp 150w, https:\/\/www.assent.com\/wp-content\/uploads\/2026\/03\/Kyle-Erickson-768x768.webp 768w, https:\/\/www.assent.com\/wp-content\/uploads\/2026\/03\/Kyle-Erickson-1536x1536.webp 1536w, https:\/\/www.assent.com\/wp-content\/uploads\/2026\/03\/Kyle-Erickson-2048x2048.webp 2048w\" sizes=\"(max-width: 300px) 100vw, 300px\" \/><br \/>\nKyle bringt 17 Jahre Erfahrung aus den Branchen Luft- und Raumfahrt, Automobil, Mikrobiologie und gewerbliche K\u00e4ltetechnik mit. Mit einem Jahrzehnt Erfahrung im Bereich Produktverantwortung und Material-Compliance legt er den Fokus auf pragmatische, skalierbare L\u00f6sungen als Antwort auf das sich schnell ver\u00e4ndernde globale regulatorische Umfeld. Komplement\u00e4re Rollen in F&amp;E, Fertigung sowie EHS beeinflussten seine Perspektive und Herangehensweise an die Produktverantwortung. Er hat globale Programme zur Produktverantwortung im Rahmen mehrerer M&amp;A-Gesch\u00e4ftstransformationen implementiert. Kyle ist Absolvent des College of Biological Sciences der University of Minnesota und arbeitete vor seinem Eintritt bei Assent bei 3M, Neogen und der Refrigerated Solutions Group.<\/p>\n<p><a href=\"https:\/\/www.linkedin.com\/in\/kyle-e-139b6456\/\">Vernetzen Sie sich bei LinkedIn mit Kyle<\/a><\/p>\n<p><a href=\"mailto:kyle.erickson@assent.com\">Kyle per E-Mail kontaktieren\u2028<\/a><\/p>\n<\/div>    \r\n        <\/section>","protected":false},"excerpt":{"rendered":"<p>Lernen Sie Kyle Erickson kennen, den Experten f\u00fcr regulatorische Compliance von Assent, der sich auf Produktverantwortung und Materialkonformit\u00e4t.<\/p>\n","protected":false},"author":57,"featured_media":110550,"parent":29753,"menu_order":0,"comment_status":"closed","ping_status":"closed","template":"","meta":{"_acf_changed":false,"footnotes":"","_links_to":"","_links_to_target":""},"categories":[],"class_list":["post-176904","page","type-page","status-publish","has-post-thumbnail","hentry"],"acf":[],"yoast_head":"<!-- This site is optimized with the Yoast SEO Premium plugin v26.6 (Yoast SEO v27.0) - https:\/\/yoast.com\/product\/yoast-seo-premium-wordpress\/ -->\n<title>Kyle Erickson | Leitender Regulierungsexperte | Assent<\/title>\n<meta name=\"description\" content=\"Lernen Sie Kyle Erickson kennen, den Experten f\u00fcr regulatorische Compliance von Assent, der sich auf Produktverantwortung und Materialkonformit\u00e4t.\" \/>\n<meta name=\"robots\" content=\"index, follow, max-snippet:-1, max-image-preview:large, max-video-preview:-1\" \/>\n<link rel=\"canonical\" href=\"https:\/\/www.assent.com\/de\/funktionen\/expertise\/kyle-erickson\/\" \/>\n<meta property=\"og:locale\" content=\"de_DE\" \/>\n<meta property=\"og:type\" content=\"article\" \/>\n<meta property=\"og:title\" content=\"Kyle Erickson\" \/>\n<meta property=\"og:description\" content=\"Lernen Sie Kyle Erickson kennen, den Experten f\u00fcr regulatorische Compliance von Assent, der sich auf Produktverantwortung und Materialkonformit\u00e4t.\" \/>\n<meta property=\"og:url\" content=\"https:\/\/www.assent.com\/de\/funktionen\/expertise\/kyle-erickson\/\" \/>\n<meta property=\"og:site_name\" content=\"Assent\" \/>\n<meta property=\"article:publisher\" content=\"https:\/\/www.facebook.com\/AssentCompliance\/\" \/>\n<meta property=\"article:modified_time\" content=\"2026-04-14T18:51:10+00:00\" \/>\n<meta property=\"og:image\" content=\"https:\/\/www.assent.com\/wp-content\/uploads\/2026\/03\/Kyle-Erickson.webp\" \/>\n\t<meta property=\"og:image:width\" content=\"2700\" \/>\n\t<meta property=\"og:image:height\" content=\"2700\" \/>\n\t<meta property=\"og:image:type\" content=\"image\/webp\" \/>\n<meta name=\"twitter:card\" content=\"summary_large_image\" \/>\n<meta name=\"twitter:site\" content=\"@AssentGlobal\" \/>\n<script type=\"application\/ld+json\" class=\"yoast-schema-graph\">{\"@context\":\"https:\/\/schema.org\",\"@graph\":[{\"@type\":\"WebPage\",\"@id\":\"https:\/\/www.assent.com\/de\/funktionen\/expertise\/kyle-erickson\/\",\"url\":\"https:\/\/www.assent.com\/de\/funktionen\/expertise\/kyle-erickson\/\",\"name\":\"Kyle Erickson | Leitender Regulierungsexperte | Assent\",\"isPartOf\":{\"@id\":\"https:\/\/www.assent.com\/de\/#website\"},\"primaryImageOfPage\":{\"@id\":\"https:\/\/www.assent.com\/de\/funktionen\/expertise\/kyle-erickson\/#primaryimage\"},\"image\":{\"@id\":\"https:\/\/www.assent.com\/de\/funktionen\/expertise\/kyle-erickson\/#primaryimage\"},\"thumbnailUrl\":\"https:\/\/www.assent.com\/wp-content\/uploads\/2026\/03\/Kyle-Erickson.webp\",\"datePublished\":\"2026-04-14T18:51:08+00:00\",\"dateModified\":\"2026-04-14T18:51:10+00:00\",\"description\":\"Lernen Sie Kyle Erickson kennen, den Experten f\u00fcr regulatorische Compliance von Assent, der sich auf Produktverantwortung und Materialkonformit\u00e4t.\",\"breadcrumb\":{\"@id\":\"https:\/\/www.assent.com\/de\/funktionen\/expertise\/kyle-erickson\/#breadcrumb\"},\"inLanguage\":\"de\",\"potentialAction\":[{\"@type\":\"ReadAction\",\"target\":[\"https:\/\/www.assent.com\/de\/funktionen\/expertise\/kyle-erickson\/\"]}]},{\"@type\":\"ImageObject\",\"inLanguage\":\"de\",\"@id\":\"https:\/\/www.assent.com\/de\/funktionen\/expertise\/kyle-erickson\/#primaryimage\",\"url\":\"https:\/\/www.assent.com\/wp-content\/uploads\/2026\/03\/Kyle-Erickson.webp\",\"contentUrl\":\"https:\/\/www.assent.com\/wp-content\/uploads\/2026\/03\/Kyle-Erickson.webp\",\"width\":2700,\"height\":2700,\"caption\":\"Kyle Erickson\"},{\"@type\":\"BreadcrumbList\",\"@id\":\"https:\/\/www.assent.com\/de\/funktionen\/expertise\/kyle-erickson\/#breadcrumb\",\"itemListElement\":[{\"@type\":\"ListItem\",\"position\":1,\"name\":\"Home\",\"item\":\"https:\/\/www.assent.com\/de\/\"},{\"@type\":\"ListItem\",\"position\":2,\"name\":\"Unsere Plattform und Funktionen\",\"item\":\"https:\/\/www.assent.com\/de\/funktionen\/\"},{\"@type\":\"ListItem\",\"position\":3,\"name\":\"Unsere Expertise\",\"item\":\"https:\/\/www.assent.com\/de\/funktionen\/expertise\/\"},{\"@type\":\"ListItem\",\"position\":4,\"name\":\"Kyle Erickson\"}]},{\"@type\":\"WebSite\",\"@id\":\"https:\/\/www.assent.com\/de\/#website\",\"url\":\"https:\/\/www.assent.com\/de\/\",\"name\":\"Assent\",\"description\":\"\",\"publisher\":{\"@id\":\"https:\/\/www.assent.com\/de\/#organization\"},\"potentialAction\":[{\"@type\":\"SearchAction\",\"target\":{\"@type\":\"EntryPoint\",\"urlTemplate\":\"https:\/\/www.assent.com\/de\/?s={search_term_string}\"},\"query-input\":{\"@type\":\"PropertyValueSpecification\",\"valueRequired\":true,\"valueName\":\"search_term_string\"}}],\"inLanguage\":\"de\"},{\"@type\":\"Organization\",\"@id\":\"https:\/\/www.assent.com\/de\/#organization\",\"name\":\"Assent\",\"url\":\"https:\/\/www.assent.com\/de\/\",\"logo\":{\"@type\":\"ImageObject\",\"inLanguage\":\"de\",\"@id\":\"https:\/\/www.assent.com\/de\/#\/schema\/logo\/image\/\",\"url\":\"https:\/\/www.assent.com\/wp-content\/uploads\/2022\/01\/logo.svg\",\"contentUrl\":\"https:\/\/www.assent.com\/wp-content\/uploads\/2022\/01\/logo.svg\",\"width\":1,\"height\":1,\"caption\":\"Assent\"},\"image\":{\"@id\":\"https:\/\/www.assent.com\/de\/#\/schema\/logo\/image\/\"},\"sameAs\":[\"https:\/\/www.facebook.com\/AssentCompliance\/\",\"https:\/\/x.com\/AssentGlobal\",\"https:\/\/www.linkedin.com\/company\/assent-compliance-inc\"]}]}<\/script>\n<!-- \/ Yoast SEO Premium plugin. -->","yoast_head_json":{"title":"Kyle Erickson | Leitender Regulierungsexperte | Assent","description":"Lernen Sie Kyle Erickson kennen, den Experten f\u00fcr regulatorische Compliance von Assent, der sich auf Produktverantwortung und Materialkonformit\u00e4t.","robots":{"index":"index","follow":"follow","max-snippet":"max-snippet:-1","max-image-preview":"max-image-preview:large","max-video-preview":"max-video-preview:-1"},"canonical":"https:\/\/www.assent.com\/de\/funktionen\/expertise\/kyle-erickson\/","og_locale":"de_DE","og_type":"article","og_title":"Kyle Erickson","og_description":"Lernen Sie Kyle Erickson kennen, den Experten f\u00fcr regulatorische Compliance von Assent, der sich auf Produktverantwortung und Materialkonformit\u00e4t.","og_url":"https:\/\/www.assent.com\/de\/funktionen\/expertise\/kyle-erickson\/","og_site_name":"Assent","article_publisher":"https:\/\/www.facebook.com\/AssentCompliance\/","article_modified_time":"2026-04-14T18:51:10+00:00","og_image":[{"width":2700,"height":2700,"url":"https:\/\/www.assent.com\/wp-content\/uploads\/2026\/03\/Kyle-Erickson.webp","type":"image\/webp"}],"twitter_card":"summary_large_image","twitter_site":"@AssentGlobal","schema":{"@context":"https:\/\/schema.org","@graph":[{"@type":"WebPage","@id":"https:\/\/www.assent.com\/de\/funktionen\/expertise\/kyle-erickson\/","url":"https:\/\/www.assent.com\/de\/funktionen\/expertise\/kyle-erickson\/","name":"Kyle Erickson | Leitender Regulierungsexperte | Assent","isPartOf":{"@id":"https:\/\/www.assent.com\/de\/#website"},"primaryImageOfPage":{"@id":"https:\/\/www.assent.com\/de\/funktionen\/expertise\/kyle-erickson\/#primaryimage"},"image":{"@id":"https:\/\/www.assent.com\/de\/funktionen\/expertise\/kyle-erickson\/#primaryimage"},"thumbnailUrl":"https:\/\/www.assent.com\/wp-content\/uploads\/2026\/03\/Kyle-Erickson.webp","datePublished":"2026-04-14T18:51:08+00:00","dateModified":"2026-04-14T18:51:10+00:00","description":"Lernen Sie Kyle Erickson kennen, den Experten f\u00fcr regulatorische Compliance von Assent, der sich auf Produktverantwortung und Materialkonformit\u00e4t.","breadcrumb":{"@id":"https:\/\/www.assent.com\/de\/funktionen\/expertise\/kyle-erickson\/#breadcrumb"},"inLanguage":"de","potentialAction":[{"@type":"ReadAction","target":["https:\/\/www.assent.com\/de\/funktionen\/expertise\/kyle-erickson\/"]}]},{"@type":"ImageObject","inLanguage":"de","@id":"https:\/\/www.assent.com\/de\/funktionen\/expertise\/kyle-erickson\/#primaryimage","url":"https:\/\/www.assent.com\/wp-content\/uploads\/2026\/03\/Kyle-Erickson.webp","contentUrl":"https:\/\/www.assent.com\/wp-content\/uploads\/2026\/03\/Kyle-Erickson.webp","width":2700,"height":2700,"caption":"Kyle Erickson"},{"@type":"BreadcrumbList","@id":"https:\/\/www.assent.com\/de\/funktionen\/expertise\/kyle-erickson\/#breadcrumb","itemListElement":[{"@type":"ListItem","position":1,"name":"Home","item":"https:\/\/www.assent.com\/de\/"},{"@type":"ListItem","position":2,"name":"Unsere Plattform und Funktionen","item":"https:\/\/www.assent.com\/de\/funktionen\/"},{"@type":"ListItem","position":3,"name":"Unsere Expertise","item":"https:\/\/www.assent.com\/de\/funktionen\/expertise\/"},{"@type":"ListItem","position":4,"name":"Kyle Erickson"}]},{"@type":"WebSite","@id":"https:\/\/www.assent.com\/de\/#website","url":"https:\/\/www.assent.com\/de\/","name":"Assent","description":"","publisher":{"@id":"https:\/\/www.assent.com\/de\/#organization"},"potentialAction":[{"@type":"SearchAction","target":{"@type":"EntryPoint","urlTemplate":"https:\/\/www.assent.com\/de\/?s={search_term_string}"},"query-input":{"@type":"PropertyValueSpecification","valueRequired":true,"valueName":"search_term_string"}}],"inLanguage":"de"},{"@type":"Organization","@id":"https:\/\/www.assent.com\/de\/#organization","name":"Assent","url":"https:\/\/www.assent.com\/de\/","logo":{"@type":"ImageObject","inLanguage":"de","@id":"https:\/\/www.assent.com\/de\/#\/schema\/logo\/image\/","url":"https:\/\/www.assent.com\/wp-content\/uploads\/2022\/01\/logo.svg","contentUrl":"https:\/\/www.assent.com\/wp-content\/uploads\/2022\/01\/logo.svg","width":1,"height":1,"caption":"Assent"},"image":{"@id":"https:\/\/www.assent.com\/de\/#\/schema\/logo\/image\/"},"sameAs":["https:\/\/www.facebook.com\/AssentCompliance\/","https:\/\/x.com\/AssentGlobal","https:\/\/www.linkedin.com\/company\/assent-compliance-inc"]}]}},"_links":{"self":[{"href":"https:\/\/www.assent.com\/de\/wp-json\/wp\/v2\/pages\/176904","targetHints":{"allow":["GET"]}}],"collection":[{"href":"https:\/\/www.assent.com\/de\/wp-json\/wp\/v2\/pages"}],"about":[{"href":"https:\/\/www.assent.com\/de\/wp-json\/wp\/v2\/types\/page"}],"author":[{"embeddable":true,"href":"https:\/\/www.assent.com\/de\/wp-json\/wp\/v2\/users\/57"}],"replies":[{"embeddable":true,"href":"https:\/\/www.assent.com\/de\/wp-json\/wp\/v2\/comments?post=176904"}],"version-history":[{"count":2,"href":"https:\/\/www.assent.com\/de\/wp-json\/wp\/v2\/pages\/176904\/revisions"}],"predecessor-version":[{"id":177049,"href":"https:\/\/www.assent.com\/de\/wp-json\/wp\/v2\/pages\/176904\/revisions\/177049"}],"up":[{"embeddable":true,"href":"https:\/\/www.assent.com\/de\/wp-json\/wp\/v2\/pages\/29753"}],"wp:featuredmedia":[{"embeddable":true,"href":"https:\/\/www.assent.com\/de\/wp-json\/wp\/v2\/media\/110550"}],"wp:attachment":[{"href":"https:\/\/www.assent.com\/de\/wp-json\/wp\/v2\/media?parent=176904"}],"wp:term":[{"taxonomy":"category","embeddable":true,"href":"https:\/\/www.assent.com\/de\/wp-json\/wp\/v2\/categories?post=176904"}],"curies":[{"name":"wp","href":"https:\/\/api.w.org\/{rel}","templated":true}]}}