{"id":174545,"date":"2026-04-14T14:57:18","date_gmt":"2026-04-14T18:57:18","guid":{"rendered":"https:\/\/www.assent.com\/?page_id=174545"},"modified":"2026-04-14T14:57:19","modified_gmt":"2026-04-14T18:57:19","slug":"olivier-provoost","status":"publish","type":"page","link":"https:\/\/www.assent.com\/de\/funktionen\/expertise\/olivier-provoost\/","title":{"rendered":"Olivier Provoost"},"content":{"rendered":"\n<div style=\"height:75px\" aria-hidden=\"true\" class=\"wp-block-spacer\"><\/div>\n\n\n\r\n<!-- WYSIWYG -->\r\n        <section class=\"wysiwyg-section\">\r\n            <div class=\"container\"><h1>Olivier Provoost<\/h1>\n<h6>Regulatorischer Experte<\/h6>\n<p><img decoding=\"async\" class=\"alignright size-medium wp-image-159144\" src=\"https:\/\/www.assent.com\/wp-content\/uploads\/2026\/04\/Olivier_Provoost_Headshot-300x300.webp\" alt=\"Olivier Provoost\" width=\"300\" height=\"300\" srcset=\"https:\/\/www.assent.com\/wp-content\/uploads\/2026\/04\/Olivier_Provoost_Headshot-300x300.webp 300w, https:\/\/www.assent.com\/wp-content\/uploads\/2026\/04\/Olivier_Provoost_Headshot-150x150.webp 150w, https:\/\/www.assent.com\/wp-content\/uploads\/2026\/04\/Olivier_Provoost_Headshot.webp 512w\" sizes=\"(max-width: 300px) 100vw, 300px\" \/><br \/>\nMit \u00fcber 20 Jahren praktischer regulatorischer Erfahrung in einer Vielzahl von Branchen \u00fcbersetzt Olivier regulatorische und technische Konzepte in konkrete Ma\u00dfnahmen, die Kunden ergreifen k\u00f6nnen, um ihre Verpflichtungen zu erf\u00fcllen. Er bietet Beratung zu Chemikalienvorschriften und -standards wie EU\/UK REACH und RoHS; dem Global harmonisierten System (GHS \u2013 Globally Harmonized System) und der Verordnung \u00fcber die Einstufung, Kennzeichnung und Verpackung (CLP \u2013 Classification, Labelling, and Packaging); der EU-Richtlinie \u00fcber Industrieemissionen (IED \u2013 Industrial Emissions Directive); sowie zur Einstufung von Gefahrstoffen und Gefahrgut. Er arbeitete umfassend an REACH-Beschr\u00e4nkungen sowie Zulassungsverfahren und trug zu \u00f6ffentlichen Konsultationen im Zusammenhang mit dem PFAS-Beschr\u00e4nkungsvorschlag in Europa bei (PFHxA, universelle PFAS-Beschr\u00e4nkungen, britischer PFAS-Plan).<\/p>\n<p><a href=\"https:\/\/www.linkedin.com\/in\/olivier-provoost-9301696\/\">Vernetzen Sie sich bei LinkedIn mit Olivier<\/a><\/p>\n<p><a href=\"mailto:olivier.provoost@assent.com\">Olivier per E-Mail kontaktieren<\/a><\/p>\n<\/div>    \r\n        <\/section>","protected":false},"excerpt":{"rendered":"<p>Lernen Sie Assents Experten f\u00fcr regulatorische Compliance, Olivier Provoost, kennen<\/p>\n","protected":false},"author":57,"featured_media":159146,"parent":29753,"menu_order":0,"comment_status":"closed","ping_status":"closed","template":"","meta":{"_acf_changed":false,"footnotes":"","_links_to":"","_links_to_target":""},"categories":[],"class_list":["post-174545","page","type-page","status-publish","has-post-thumbnail","hentry"],"acf":[],"yoast_head":"<!-- This site is optimized with the Yoast SEO Premium plugin v26.6 (Yoast SEO v27.0) - https:\/\/yoast.com\/product\/yoast-seo-premium-wordpress\/ -->\n<title>Olivier Provoost | Regulatorischer Experte | Assent<\/title>\n<meta name=\"description\" content=\"Lernen Sie Assents Experten f\u00fcr regulatorische Compliance, Olivier Provoost, kennen\" \/>\n<meta name=\"robots\" content=\"index, follow, max-snippet:-1, max-image-preview:large, max-video-preview:-1\" \/>\n<link rel=\"canonical\" href=\"https:\/\/www.assent.com\/de\/funktionen\/expertise\/olivier-provoost\/\" \/>\n<meta property=\"og:locale\" content=\"de_DE\" \/>\n<meta property=\"og:type\" content=\"article\" \/>\n<meta property=\"og:title\" content=\"Olivier Provoost\" \/>\n<meta property=\"og:description\" content=\"Lernen Sie Assents Experten f\u00fcr regulatorische Compliance, Olivier Provoost, kennen\" \/>\n<meta property=\"og:url\" content=\"https:\/\/www.assent.com\/de\/funktionen\/expertise\/olivier-provoost\/\" \/>\n<meta property=\"og:site_name\" content=\"Assent\" \/>\n<meta property=\"article:publisher\" content=\"https:\/\/www.facebook.com\/AssentCompliance\/\" \/>\n<meta property=\"article:modified_time\" content=\"2026-04-14T18:57:19+00:00\" \/>\n<meta property=\"og:image\" content=\"https:\/\/www.assent.com\/wp-content\/uploads\/2026\/04\/Olivier_Provoost_Headshot.webp\" \/>\n\t<meta property=\"og:image:width\" content=\"512\" \/>\n\t<meta property=\"og:image:height\" content=\"512\" \/>\n\t<meta property=\"og:image:type\" content=\"image\/webp\" \/>\n<meta name=\"twitter:card\" content=\"summary_large_image\" \/>\n<meta name=\"twitter:site\" content=\"@AssentGlobal\" \/>\n<script type=\"application\/ld+json\" class=\"yoast-schema-graph\">{\"@context\":\"https:\/\/schema.org\",\"@graph\":[{\"@type\":\"WebPage\",\"@id\":\"https:\/\/www.assent.com\/de\/funktionen\/expertise\/olivier-provoost\/\",\"url\":\"https:\/\/www.assent.com\/de\/funktionen\/expertise\/olivier-provoost\/\",\"name\":\"Olivier Provoost | Regulatorischer Experte | Assent\",\"isPartOf\":{\"@id\":\"https:\/\/www.assent.com\/de\/#website\"},\"primaryImageOfPage\":{\"@id\":\"https:\/\/www.assent.com\/de\/funktionen\/expertise\/olivier-provoost\/#primaryimage\"},\"image\":{\"@id\":\"https:\/\/www.assent.com\/de\/funktionen\/expertise\/olivier-provoost\/#primaryimage\"},\"thumbnailUrl\":\"https:\/\/www.assent.com\/wp-content\/uploads\/2026\/04\/Olivier_Provoost_Headshot.webp\",\"datePublished\":\"2026-04-14T18:57:18+00:00\",\"dateModified\":\"2026-04-14T18:57:19+00:00\",\"description\":\"Lernen Sie Assents Experten f\u00fcr regulatorische Compliance, Olivier Provoost, kennen\",\"breadcrumb\":{\"@id\":\"https:\/\/www.assent.com\/de\/funktionen\/expertise\/olivier-provoost\/#breadcrumb\"},\"inLanguage\":\"de\",\"potentialAction\":[{\"@type\":\"ReadAction\",\"target\":[\"https:\/\/www.assent.com\/de\/funktionen\/expertise\/olivier-provoost\/\"]}]},{\"@type\":\"ImageObject\",\"inLanguage\":\"de\",\"@id\":\"https:\/\/www.assent.com\/de\/funktionen\/expertise\/olivier-provoost\/#primaryimage\",\"url\":\"https:\/\/www.assent.com\/wp-content\/uploads\/2026\/04\/Olivier_Provoost_Headshot.webp\",\"contentUrl\":\"https:\/\/www.assent.com\/wp-content\/uploads\/2026\/04\/Olivier_Provoost_Headshot.webp\",\"width\":512,\"height\":512,\"caption\":\"Olivier Provoost\"},{\"@type\":\"BreadcrumbList\",\"@id\":\"https:\/\/www.assent.com\/de\/funktionen\/expertise\/olivier-provoost\/#breadcrumb\",\"itemListElement\":[{\"@type\":\"ListItem\",\"position\":1,\"name\":\"Home\",\"item\":\"https:\/\/www.assent.com\/de\/\"},{\"@type\":\"ListItem\",\"position\":2,\"name\":\"Unsere Plattform und Funktionen\",\"item\":\"https:\/\/www.assent.com\/de\/funktionen\/\"},{\"@type\":\"ListItem\",\"position\":3,\"name\":\"Unsere Expertise\",\"item\":\"https:\/\/www.assent.com\/de\/funktionen\/expertise\/\"},{\"@type\":\"ListItem\",\"position\":4,\"name\":\"Olivier Provoost\"}]},{\"@type\":\"WebSite\",\"@id\":\"https:\/\/www.assent.com\/de\/#website\",\"url\":\"https:\/\/www.assent.com\/de\/\",\"name\":\"Assent\",\"description\":\"\",\"publisher\":{\"@id\":\"https:\/\/www.assent.com\/de\/#organization\"},\"potentialAction\":[{\"@type\":\"SearchAction\",\"target\":{\"@type\":\"EntryPoint\",\"urlTemplate\":\"https:\/\/www.assent.com\/de\/?s={search_term_string}\"},\"query-input\":{\"@type\":\"PropertyValueSpecification\",\"valueRequired\":true,\"valueName\":\"search_term_string\"}}],\"inLanguage\":\"de\"},{\"@type\":\"Organization\",\"@id\":\"https:\/\/www.assent.com\/de\/#organization\",\"name\":\"Assent\",\"url\":\"https:\/\/www.assent.com\/de\/\",\"logo\":{\"@type\":\"ImageObject\",\"inLanguage\":\"de\",\"@id\":\"https:\/\/www.assent.com\/de\/#\/schema\/logo\/image\/\",\"url\":\"https:\/\/www.assent.com\/wp-content\/uploads\/2022\/01\/logo.svg\",\"contentUrl\":\"https:\/\/www.assent.com\/wp-content\/uploads\/2022\/01\/logo.svg\",\"width\":1,\"height\":1,\"caption\":\"Assent\"},\"image\":{\"@id\":\"https:\/\/www.assent.com\/de\/#\/schema\/logo\/image\/\"},\"sameAs\":[\"https:\/\/www.facebook.com\/AssentCompliance\/\",\"https:\/\/x.com\/AssentGlobal\",\"https:\/\/www.linkedin.com\/company\/assent-compliance-inc\"]}]}<\/script>\n<!-- \/ Yoast SEO Premium plugin. -->","yoast_head_json":{"title":"Olivier Provoost | Regulatorischer Experte | Assent","description":"Lernen Sie Assents Experten f\u00fcr regulatorische Compliance, Olivier Provoost, kennen","robots":{"index":"index","follow":"follow","max-snippet":"max-snippet:-1","max-image-preview":"max-image-preview:large","max-video-preview":"max-video-preview:-1"},"canonical":"https:\/\/www.assent.com\/de\/funktionen\/expertise\/olivier-provoost\/","og_locale":"de_DE","og_type":"article","og_title":"Olivier Provoost","og_description":"Lernen Sie Assents Experten f\u00fcr regulatorische Compliance, Olivier Provoost, kennen","og_url":"https:\/\/www.assent.com\/de\/funktionen\/expertise\/olivier-provoost\/","og_site_name":"Assent","article_publisher":"https:\/\/www.facebook.com\/AssentCompliance\/","article_modified_time":"2026-04-14T18:57:19+00:00","og_image":[{"width":512,"height":512,"url":"https:\/\/www.assent.com\/wp-content\/uploads\/2026\/04\/Olivier_Provoost_Headshot.webp","type":"image\/webp"}],"twitter_card":"summary_large_image","twitter_site":"@AssentGlobal","schema":{"@context":"https:\/\/schema.org","@graph":[{"@type":"WebPage","@id":"https:\/\/www.assent.com\/de\/funktionen\/expertise\/olivier-provoost\/","url":"https:\/\/www.assent.com\/de\/funktionen\/expertise\/olivier-provoost\/","name":"Olivier Provoost | Regulatorischer Experte | Assent","isPartOf":{"@id":"https:\/\/www.assent.com\/de\/#website"},"primaryImageOfPage":{"@id":"https:\/\/www.assent.com\/de\/funktionen\/expertise\/olivier-provoost\/#primaryimage"},"image":{"@id":"https:\/\/www.assent.com\/de\/funktionen\/expertise\/olivier-provoost\/#primaryimage"},"thumbnailUrl":"https:\/\/www.assent.com\/wp-content\/uploads\/2026\/04\/Olivier_Provoost_Headshot.webp","datePublished":"2026-04-14T18:57:18+00:00","dateModified":"2026-04-14T18:57:19+00:00","description":"Lernen Sie Assents Experten f\u00fcr regulatorische Compliance, Olivier Provoost, kennen","breadcrumb":{"@id":"https:\/\/www.assent.com\/de\/funktionen\/expertise\/olivier-provoost\/#breadcrumb"},"inLanguage":"de","potentialAction":[{"@type":"ReadAction","target":["https:\/\/www.assent.com\/de\/funktionen\/expertise\/olivier-provoost\/"]}]},{"@type":"ImageObject","inLanguage":"de","@id":"https:\/\/www.assent.com\/de\/funktionen\/expertise\/olivier-provoost\/#primaryimage","url":"https:\/\/www.assent.com\/wp-content\/uploads\/2026\/04\/Olivier_Provoost_Headshot.webp","contentUrl":"https:\/\/www.assent.com\/wp-content\/uploads\/2026\/04\/Olivier_Provoost_Headshot.webp","width":512,"height":512,"caption":"Olivier Provoost"},{"@type":"BreadcrumbList","@id":"https:\/\/www.assent.com\/de\/funktionen\/expertise\/olivier-provoost\/#breadcrumb","itemListElement":[{"@type":"ListItem","position":1,"name":"Home","item":"https:\/\/www.assent.com\/de\/"},{"@type":"ListItem","position":2,"name":"Unsere Plattform und Funktionen","item":"https:\/\/www.assent.com\/de\/funktionen\/"},{"@type":"ListItem","position":3,"name":"Unsere Expertise","item":"https:\/\/www.assent.com\/de\/funktionen\/expertise\/"},{"@type":"ListItem","position":4,"name":"Olivier Provoost"}]},{"@type":"WebSite","@id":"https:\/\/www.assent.com\/de\/#website","url":"https:\/\/www.assent.com\/de\/","name":"Assent","description":"","publisher":{"@id":"https:\/\/www.assent.com\/de\/#organization"},"potentialAction":[{"@type":"SearchAction","target":{"@type":"EntryPoint","urlTemplate":"https:\/\/www.assent.com\/de\/?s={search_term_string}"},"query-input":{"@type":"PropertyValueSpecification","valueRequired":true,"valueName":"search_term_string"}}],"inLanguage":"de"},{"@type":"Organization","@id":"https:\/\/www.assent.com\/de\/#organization","name":"Assent","url":"https:\/\/www.assent.com\/de\/","logo":{"@type":"ImageObject","inLanguage":"de","@id":"https:\/\/www.assent.com\/de\/#\/schema\/logo\/image\/","url":"https:\/\/www.assent.com\/wp-content\/uploads\/2022\/01\/logo.svg","contentUrl":"https:\/\/www.assent.com\/wp-content\/uploads\/2022\/01\/logo.svg","width":1,"height":1,"caption":"Assent"},"image":{"@id":"https:\/\/www.assent.com\/de\/#\/schema\/logo\/image\/"},"sameAs":["https:\/\/www.facebook.com\/AssentCompliance\/","https:\/\/x.com\/AssentGlobal","https:\/\/www.linkedin.com\/company\/assent-compliance-inc"]}]}},"_links":{"self":[{"href":"https:\/\/www.assent.com\/de\/wp-json\/wp\/v2\/pages\/174545","targetHints":{"allow":["GET"]}}],"collection":[{"href":"https:\/\/www.assent.com\/de\/wp-json\/wp\/v2\/pages"}],"about":[{"href":"https:\/\/www.assent.com\/de\/wp-json\/wp\/v2\/types\/page"}],"author":[{"embeddable":true,"href":"https:\/\/www.assent.com\/de\/wp-json\/wp\/v2\/users\/57"}],"replies":[{"embeddable":true,"href":"https:\/\/www.assent.com\/de\/wp-json\/wp\/v2\/comments?post=174545"}],"version-history":[{"count":2,"href":"https:\/\/www.assent.com\/de\/wp-json\/wp\/v2\/pages\/174545\/revisions"}],"predecessor-version":[{"id":174547,"href":"https:\/\/www.assent.com\/de\/wp-json\/wp\/v2\/pages\/174545\/revisions\/174547"}],"up":[{"embeddable":true,"href":"https:\/\/www.assent.com\/de\/wp-json\/wp\/v2\/pages\/29753"}],"wp:featuredmedia":[{"embeddable":true,"href":"https:\/\/www.assent.com\/de\/wp-json\/wp\/v2\/media\/159146"}],"wp:attachment":[{"href":"https:\/\/www.assent.com\/de\/wp-json\/wp\/v2\/media?parent=174545"}],"wp:term":[{"taxonomy":"category","embeddable":true,"href":"https:\/\/www.assent.com\/de\/wp-json\/wp\/v2\/categories?post=174545"}],"curies":[{"name":"wp","href":"https:\/\/api.w.org\/{rel}","templated":true}]}}