{"id":108827,"date":"2026-01-29T17:00:50","date_gmt":"2026-01-29T22:00:50","guid":{"rendered":"https:\/\/www.assent.com\/funktionen\/expertise\/carrie-chambers\/"},"modified":"2026-02-04T16:58:42","modified_gmt":"2026-02-04T21:58:42","slug":"carrie-chambers","status":"publish","type":"page","link":"https:\/\/www.assent.com\/de\/funktionen\/expertise\/carrie-chambers\/","title":{"rendered":"Carrie Chambers"},"content":{"rendered":"\n<div style=\"height:75px\" aria-hidden=\"true\" class=\"wp-block-spacer\"><\/div>\n\n\n\r\n<!-- WYSIWYG -->\r\n        <section class=\"wysiwyg-section\" id=\"cally_edgren\">\r\n            <div class=\"container\"><h1>Carrie Chambers<\/h1>\n<h6>Senior-Expertin f\u00fcr regulatorische Compliance<\/h6>\n<p><img decoding=\"async\" class=\"size-medium wp-image-43228 alignright\" src=\"https:\/\/www.assent.com\/wp-content\/uploads\/2026\/01\/Carrie-Chambers.webp\" alt=\"Carrie Chambers\" width=\"300\" height=\"300\" data-wp-editing=\"1\" \/><br \/>\nCarrie ist eine erfahrene Expertin f\u00fcr Compliance- und regulatorische Strategien, die Organisationen kompetent durch komplexe Herausforderungen in den Bereichen Betrieb, Qualit\u00e4t und Risikomanagement f\u00fchrt. Ihr beruflicher Werdegang umfasst die Entwicklung und Implementierung von Compliance-Programmen, die St\u00e4rkung regulatorischer Governance-Rahmenwerke sowie die \u00dcbersetzung regulatorischer Verpflichtungen in praxisnahe, gesch\u00e4ftsorientierte L\u00f6sungen, die mit den Unternehmenszielen im Einklang stehen. Carrie verf\u00fcgt \u00fcber umfassende Erfahrung im Bereich der chemischen Compliance in den Industrie- und Chemieproduktionssektoren. Sie hat einen Master-Abschluss in Molekularbiologie und einen MBA von der Wichita State University.<\/p>\n<p><a href=\"https:\/\/www.linkedin.com\/in\/carrie-chambers-509740b2\/\" target=\"_blank\" rel=\"noopener\">Vernetzen Sie sich bei LinkedIn mit Carrie<\/a><\/p>\n<p><a href=\"mailto:carrie.chambers@assent.com\">Carrie per E-Mail kontaktieren<\/a><\/p>\n<\/div>    \r\n        <\/section>","protected":false},"excerpt":{"rendered":"<p>Carrie ist eine erfahrene Expertin f\u00fcr Compliance- und regulatorische Strategien, die Organisationen kompetent durch komplexe Herausforderungen in den Bereichen Betrieb, Qualit\u00e4t und Risikomanagement f\u00fchrt.<\/p>\n","protected":false},"author":52,"featured_media":110570,"parent":29753,"menu_order":0,"comment_status":"closed","ping_status":"closed","template":"","meta":{"_acf_changed":false,"footnotes":"","_links_to":"","_links_to_target":""},"categories":[],"class_list":["post-108827","page","type-page","status-publish","has-post-thumbnail","hentry"],"acf":[],"yoast_head":"<!-- This site is optimized with the Yoast SEO Premium plugin v26.6 (Yoast SEO v27.0) - https:\/\/yoast.com\/product\/yoast-seo-premium-wordpress\/ -->\n<title>Carrie Chambers | Senior-Expertin f\u00fcr regulatorische Compliance | Assent<\/title>\n<meta name=\"description\" content=\"Carrie ist eine erfahrene Expertin f\u00fcr Compliance- und regulatorische Strategien, die Organisationen kompetent durch komplexe Herausforderungen in den Bereichen Betrieb, Qualit\u00e4t und Risikomanagement f\u00fchrt.\" \/>\n<meta name=\"robots\" content=\"index, follow, max-snippet:-1, max-image-preview:large, max-video-preview:-1\" \/>\n<link rel=\"canonical\" href=\"https:\/\/www.assent.com\/de\/funktionen\/expertise\/carrie-chambers\/\" \/>\n<meta property=\"og:locale\" content=\"de_DE\" \/>\n<meta property=\"og:type\" content=\"article\" \/>\n<meta property=\"og:title\" content=\"Carrie Chambers\" \/>\n<meta property=\"og:description\" content=\"Carrie ist eine erfahrene Expertin f\u00fcr Compliance- und regulatorische Strategien, die Organisationen kompetent durch komplexe Herausforderungen in den Bereichen Betrieb, Qualit\u00e4t und Risikomanagement f\u00fchrt.\" \/>\n<meta property=\"og:url\" content=\"https:\/\/www.assent.com\/de\/funktionen\/expertise\/carrie-chambers\/\" \/>\n<meta property=\"og:site_name\" content=\"Assent\" \/>\n<meta property=\"article:publisher\" content=\"https:\/\/www.facebook.com\/AssentCompliance\/\" \/>\n<meta property=\"article:modified_time\" content=\"2026-02-04T21:58:42+00:00\" \/>\n<meta name=\"twitter:card\" content=\"summary_large_image\" \/>\n<meta name=\"twitter:site\" content=\"@AssentGlobal\" \/>\n<script type=\"application\/ld+json\" class=\"yoast-schema-graph\">{\"@context\":\"https:\/\/schema.org\",\"@graph\":[{\"@type\":\"WebPage\",\"@id\":\"https:\/\/www.assent.com\/de\/funktionen\/expertise\/carrie-chambers\/\",\"url\":\"https:\/\/www.assent.com\/de\/funktionen\/expertise\/carrie-chambers\/\",\"name\":\"Carrie Chambers | Senior-Expertin f\u00fcr regulatorische Compliance | Assent\",\"isPartOf\":{\"@id\":\"https:\/\/www.assent.com\/de\/#website\"},\"primaryImageOfPage\":{\"@id\":\"https:\/\/www.assent.com\/de\/funktionen\/expertise\/carrie-chambers\/#primaryimage\"},\"image\":{\"@id\":\"https:\/\/www.assent.com\/de\/funktionen\/expertise\/carrie-chambers\/#primaryimage\"},\"thumbnailUrl\":\"https:\/\/www.assent.com\/wp-content\/uploads\/2026\/03\/Carrie-Chambers-Headshot-NEW.png\",\"datePublished\":\"2026-01-29T22:00:50+00:00\",\"dateModified\":\"2026-02-04T21:58:42+00:00\",\"description\":\"Carrie ist eine erfahrene Expertin f\u00fcr Compliance- und regulatorische Strategien, die Organisationen kompetent durch komplexe Herausforderungen in den Bereichen Betrieb, Qualit\u00e4t und Risikomanagement f\u00fchrt.\",\"breadcrumb\":{\"@id\":\"https:\/\/www.assent.com\/de\/funktionen\/expertise\/carrie-chambers\/#breadcrumb\"},\"inLanguage\":\"de\",\"potentialAction\":[{\"@type\":\"ReadAction\",\"target\":[\"https:\/\/www.assent.com\/de\/funktionen\/expertise\/carrie-chambers\/\"]}]},{\"@type\":\"ImageObject\",\"inLanguage\":\"de\",\"@id\":\"https:\/\/www.assent.com\/de\/funktionen\/expertise\/carrie-chambers\/#primaryimage\",\"url\":\"https:\/\/www.assent.com\/wp-content\/uploads\/2026\/03\/Carrie-Chambers-Headshot-NEW.png\",\"contentUrl\":\"https:\/\/www.assent.com\/wp-content\/uploads\/2026\/03\/Carrie-Chambers-Headshot-NEW.png\",\"width\":999,\"height\":999,\"caption\":\"Carrie Chambers, Assent supply chain risk management\"},{\"@type\":\"BreadcrumbList\",\"@id\":\"https:\/\/www.assent.com\/de\/funktionen\/expertise\/carrie-chambers\/#breadcrumb\",\"itemListElement\":[{\"@type\":\"ListItem\",\"position\":1,\"name\":\"Home\",\"item\":\"https:\/\/www.assent.com\/de\/\"},{\"@type\":\"ListItem\",\"position\":2,\"name\":\"Unsere Plattform und Funktionen\",\"item\":\"https:\/\/www.assent.com\/de\/funktionen\/\"},{\"@type\":\"ListItem\",\"position\":3,\"name\":\"Unsere Expertise\",\"item\":\"https:\/\/www.assent.com\/de\/funktionen\/expertise\/\"},{\"@type\":\"ListItem\",\"position\":4,\"name\":\"Carrie Chambers\"}]},{\"@type\":\"WebSite\",\"@id\":\"https:\/\/www.assent.com\/de\/#website\",\"url\":\"https:\/\/www.assent.com\/de\/\",\"name\":\"Assent\",\"description\":\"\",\"publisher\":{\"@id\":\"https:\/\/www.assent.com\/de\/#organization\"},\"potentialAction\":[{\"@type\":\"SearchAction\",\"target\":{\"@type\":\"EntryPoint\",\"urlTemplate\":\"https:\/\/www.assent.com\/de\/?s={search_term_string}\"},\"query-input\":{\"@type\":\"PropertyValueSpecification\",\"valueRequired\":true,\"valueName\":\"search_term_string\"}}],\"inLanguage\":\"de\"},{\"@type\":\"Organization\",\"@id\":\"https:\/\/www.assent.com\/de\/#organization\",\"name\":\"Assent\",\"url\":\"https:\/\/www.assent.com\/de\/\",\"logo\":{\"@type\":\"ImageObject\",\"inLanguage\":\"de\",\"@id\":\"https:\/\/www.assent.com\/de\/#\/schema\/logo\/image\/\",\"url\":\"https:\/\/www.assent.com\/wp-content\/uploads\/2022\/01\/logo.svg\",\"contentUrl\":\"https:\/\/www.assent.com\/wp-content\/uploads\/2022\/01\/logo.svg\",\"width\":1,\"height\":1,\"caption\":\"Assent\"},\"image\":{\"@id\":\"https:\/\/www.assent.com\/de\/#\/schema\/logo\/image\/\"},\"sameAs\":[\"https:\/\/www.facebook.com\/AssentCompliance\/\",\"https:\/\/x.com\/AssentGlobal\",\"https:\/\/www.linkedin.com\/company\/assent-compliance-inc\"]}]}<\/script>\n<!-- \/ Yoast SEO Premium plugin. -->","yoast_head_json":{"title":"Carrie Chambers | Senior-Expertin f\u00fcr regulatorische Compliance | Assent","description":"Carrie ist eine erfahrene Expertin f\u00fcr Compliance- und regulatorische Strategien, die Organisationen kompetent durch komplexe Herausforderungen in den Bereichen Betrieb, Qualit\u00e4t und Risikomanagement f\u00fchrt.","robots":{"index":"index","follow":"follow","max-snippet":"max-snippet:-1","max-image-preview":"max-image-preview:large","max-video-preview":"max-video-preview:-1"},"canonical":"https:\/\/www.assent.com\/de\/funktionen\/expertise\/carrie-chambers\/","og_locale":"de_DE","og_type":"article","og_title":"Carrie Chambers","og_description":"Carrie ist eine erfahrene Expertin f\u00fcr Compliance- und regulatorische Strategien, die Organisationen kompetent durch komplexe Herausforderungen in den Bereichen Betrieb, Qualit\u00e4t und Risikomanagement f\u00fchrt.","og_url":"https:\/\/www.assent.com\/de\/funktionen\/expertise\/carrie-chambers\/","og_site_name":"Assent","article_publisher":"https:\/\/www.facebook.com\/AssentCompliance\/","article_modified_time":"2026-02-04T21:58:42+00:00","twitter_card":"summary_large_image","twitter_site":"@AssentGlobal","schema":{"@context":"https:\/\/schema.org","@graph":[{"@type":"WebPage","@id":"https:\/\/www.assent.com\/de\/funktionen\/expertise\/carrie-chambers\/","url":"https:\/\/www.assent.com\/de\/funktionen\/expertise\/carrie-chambers\/","name":"Carrie Chambers | Senior-Expertin f\u00fcr regulatorische Compliance | Assent","isPartOf":{"@id":"https:\/\/www.assent.com\/de\/#website"},"primaryImageOfPage":{"@id":"https:\/\/www.assent.com\/de\/funktionen\/expertise\/carrie-chambers\/#primaryimage"},"image":{"@id":"https:\/\/www.assent.com\/de\/funktionen\/expertise\/carrie-chambers\/#primaryimage"},"thumbnailUrl":"https:\/\/www.assent.com\/wp-content\/uploads\/2026\/03\/Carrie-Chambers-Headshot-NEW.png","datePublished":"2026-01-29T22:00:50+00:00","dateModified":"2026-02-04T21:58:42+00:00","description":"Carrie ist eine erfahrene Expertin f\u00fcr Compliance- und regulatorische Strategien, die Organisationen kompetent durch komplexe Herausforderungen in den Bereichen Betrieb, Qualit\u00e4t und Risikomanagement f\u00fchrt.","breadcrumb":{"@id":"https:\/\/www.assent.com\/de\/funktionen\/expertise\/carrie-chambers\/#breadcrumb"},"inLanguage":"de","potentialAction":[{"@type":"ReadAction","target":["https:\/\/www.assent.com\/de\/funktionen\/expertise\/carrie-chambers\/"]}]},{"@type":"ImageObject","inLanguage":"de","@id":"https:\/\/www.assent.com\/de\/funktionen\/expertise\/carrie-chambers\/#primaryimage","url":"https:\/\/www.assent.com\/wp-content\/uploads\/2026\/03\/Carrie-Chambers-Headshot-NEW.png","contentUrl":"https:\/\/www.assent.com\/wp-content\/uploads\/2026\/03\/Carrie-Chambers-Headshot-NEW.png","width":999,"height":999,"caption":"Carrie Chambers, Assent supply chain risk management"},{"@type":"BreadcrumbList","@id":"https:\/\/www.assent.com\/de\/funktionen\/expertise\/carrie-chambers\/#breadcrumb","itemListElement":[{"@type":"ListItem","position":1,"name":"Home","item":"https:\/\/www.assent.com\/de\/"},{"@type":"ListItem","position":2,"name":"Unsere Plattform und Funktionen","item":"https:\/\/www.assent.com\/de\/funktionen\/"},{"@type":"ListItem","position":3,"name":"Unsere Expertise","item":"https:\/\/www.assent.com\/de\/funktionen\/expertise\/"},{"@type":"ListItem","position":4,"name":"Carrie Chambers"}]},{"@type":"WebSite","@id":"https:\/\/www.assent.com\/de\/#website","url":"https:\/\/www.assent.com\/de\/","name":"Assent","description":"","publisher":{"@id":"https:\/\/www.assent.com\/de\/#organization"},"potentialAction":[{"@type":"SearchAction","target":{"@type":"EntryPoint","urlTemplate":"https:\/\/www.assent.com\/de\/?s={search_term_string}"},"query-input":{"@type":"PropertyValueSpecification","valueRequired":true,"valueName":"search_term_string"}}],"inLanguage":"de"},{"@type":"Organization","@id":"https:\/\/www.assent.com\/de\/#organization","name":"Assent","url":"https:\/\/www.assent.com\/de\/","logo":{"@type":"ImageObject","inLanguage":"de","@id":"https:\/\/www.assent.com\/de\/#\/schema\/logo\/image\/","url":"https:\/\/www.assent.com\/wp-content\/uploads\/2022\/01\/logo.svg","contentUrl":"https:\/\/www.assent.com\/wp-content\/uploads\/2022\/01\/logo.svg","width":1,"height":1,"caption":"Assent"},"image":{"@id":"https:\/\/www.assent.com\/de\/#\/schema\/logo\/image\/"},"sameAs":["https:\/\/www.facebook.com\/AssentCompliance\/","https:\/\/x.com\/AssentGlobal","https:\/\/www.linkedin.com\/company\/assent-compliance-inc"]}]}},"_links":{"self":[{"href":"https:\/\/www.assent.com\/de\/wp-json\/wp\/v2\/pages\/108827","targetHints":{"allow":["GET"]}}],"collection":[{"href":"https:\/\/www.assent.com\/de\/wp-json\/wp\/v2\/pages"}],"about":[{"href":"https:\/\/www.assent.com\/de\/wp-json\/wp\/v2\/types\/page"}],"author":[{"embeddable":true,"href":"https:\/\/www.assent.com\/de\/wp-json\/wp\/v2\/users\/52"}],"replies":[{"embeddable":true,"href":"https:\/\/www.assent.com\/de\/wp-json\/wp\/v2\/comments?post=108827"}],"version-history":[{"count":2,"href":"https:\/\/www.assent.com\/de\/wp-json\/wp\/v2\/pages\/108827\/revisions"}],"predecessor-version":[{"id":108845,"href":"https:\/\/www.assent.com\/de\/wp-json\/wp\/v2\/pages\/108827\/revisions\/108845"}],"up":[{"embeddable":true,"href":"https:\/\/www.assent.com\/de\/wp-json\/wp\/v2\/pages\/29753"}],"wp:featuredmedia":[{"embeddable":true,"href":"https:\/\/www.assent.com\/de\/wp-json\/wp\/v2\/media\/110570"}],"wp:attachment":[{"href":"https:\/\/www.assent.com\/de\/wp-json\/wp\/v2\/media?parent=108827"}],"wp:term":[{"taxonomy":"category","embeddable":true,"href":"https:\/\/www.assent.com\/de\/wp-json\/wp\/v2\/categories?post=108827"}],"curies":[{"name":"wp","href":"https:\/\/api.w.org\/{rel}","templated":true}]}}