{"id":108526,"date":"2025-07-10T16:52:38","date_gmt":"2025-07-10T20:52:38","guid":{"rendered":"https:\/\/www.assent.com\/funktionen\/expertise\/tanvi-patel\/"},"modified":"2026-01-29T17:22:31","modified_gmt":"2026-01-29T22:22:31","slug":"tanvi-patel","status":"publish","type":"page","link":"https:\/\/www.assent.com\/de\/funktionen\/expertise\/tanvi-patel\/","title":{"rendered":"Tanvi Patel"},"content":{"rendered":"\n<div style=\"height:82px\" aria-hidden=\"true\" class=\"wp-block-spacer\"><\/div>\n\n\n\r\n<!-- WYSIWYG -->\r\n        <section class=\"wysiwyg-section\">\r\n            <div class=\"container\"><h1>Tanvi Patel<\/h1>\n<p><img decoding=\"async\" class=\"alignright wp-image-93020 size-full\" style=\"max-width: 300px;\" src=\"https:\/\/www.assent.com\/wp-content\/uploads\/2025\/07\/Tanvi-Headshot.jpeg\" alt=\"Tanvi Patel\" width=\"400\" height=\"400\" srcset=\"https:\/\/www.assent.com\/wp-content\/uploads\/2025\/07\/Tanvi-Headshot.jpeg 400w, https:\/\/www.assent.com\/wp-content\/uploads\/2025\/07\/Tanvi-Headshot-300x300.jpeg 300w, https:\/\/www.assent.com\/wp-content\/uploads\/2025\/07\/Tanvi-Headshot-150x150.jpeg 150w\" sizes=\"(max-width: 400px) 100vw, 400px\" \/><\/p>\n<h6>Expertin f\u00fcr Nachhaltigkeit<\/h6>\n<p>Tanvi Patel ist eine Nachhaltigkeitsexpertin, die sich darauf konzentriert, Berichterstattung und nachhaltige Lieferketten-Strategien f\u00fcr komplexe globale Organisationen voranzutreiben. Mit Erfahrung im zirkul\u00e4rem Produktdesign und Lebenszyklusanalysen (LCA) bringt sie einen datengest\u00fctzten Ansatz ein, um Unternehmen bei der Ausrichtung an internationalen Rahmenwerken wie ISSB\/SASB und den UN-Zielen f\u00fcr nachhaltige Entwicklung zu unterst\u00fctzen. Tanvi hat globalen Marken dabei geholfen, ihre Abl\u00e4ufe im Hinblick auf die Nachhaltigkeit zu optimieren und Effizienz sowie Widerstandsf\u00e4higkeit zu gew\u00e4hrleisten. Ihre Erfahrung in strategischen Lieferkettenprogrammen hilft Unternehmen, den sich entwickelnden regulatorischen und Verbraucheranforderungen gerecht zu werden.<\/p>\n<p><a href=\"https:\/\/www.linkedin.com\/in\/tanvipatel97\/\" target=\"_blank\" rel=\"noopener\">Vernetzen Sie sich bei LinkedIn mit Tanvi<\/a><\/p>\n<p><a href=\"mailto:tanvi.patel@assent.com\">Schreiben Sie Tanvi eine E-Mail<\/a><\/p>\n<\/div>    \r\n        <\/section>\n\n\n<div style=\"height:85px\" aria-hidden=\"true\" class=\"wp-block-spacer\"><\/div>\n","protected":false},"excerpt":{"rendered":"<p>Tanvi Patel ist eine Nachhaltigkeitsexpertin, die sich darauf konzentriert, Berichterstattung und nachhaltige Lieferketten-Strategien f\u00fcr komplexe globale Organisationen voranzutreiben.<\/p>\n","protected":false},"author":47,"featured_media":93022,"parent":29753,"menu_order":0,"comment_status":"closed","ping_status":"closed","template":"","meta":{"_acf_changed":false,"footnotes":"","_links_to":"","_links_to_target":""},"categories":[],"class_list":["post-108526","page","type-page","status-publish","has-post-thumbnail","hentry"],"acf":[],"yoast_head":"<!-- This site is optimized with the Yoast SEO Premium plugin v26.6 (Yoast SEO v27.0) - https:\/\/yoast.com\/product\/yoast-seo-premium-wordpress\/ -->\n<title>Tanvi Patel: Expert in Sustainable Strategies | Assent<\/title>\n<meta name=\"description\" content=\"Tanvi Patel ist eine Nachhaltigkeitsexpertin, die sich darauf konzentriert, Berichterstattung und nachhaltige Lieferketten-Strategien f\u00fcr komplexe globale Organisationen voranzutreiben.\" \/>\n<meta name=\"robots\" content=\"index, follow, max-snippet:-1, max-image-preview:large, max-video-preview:-1\" \/>\n<link rel=\"canonical\" href=\"https:\/\/www.assent.com\/de\/funktionen\/expertise\/tanvi-patel\/\" \/>\n<meta property=\"og:locale\" content=\"de_DE\" \/>\n<meta property=\"og:type\" content=\"article\" \/>\n<meta property=\"og:title\" content=\"Tanvi Patel\" \/>\n<meta property=\"og:description\" content=\"Tanvi Patel ist eine Nachhaltigkeitsexpertin, die sich darauf konzentriert, Berichterstattung und nachhaltige Lieferketten-Strategien f\u00fcr komplexe globale Organisationen voranzutreiben.\" \/>\n<meta property=\"og:url\" content=\"https:\/\/www.assent.com\/de\/funktionen\/expertise\/tanvi-patel\/\" \/>\n<meta property=\"og:site_name\" content=\"Assent\" \/>\n<meta property=\"article:publisher\" content=\"https:\/\/www.facebook.com\/AssentCompliance\/\" \/>\n<meta property=\"article:modified_time\" content=\"2026-01-29T22:22:31+00:00\" \/>\n<meta property=\"og:image\" content=\"https:\/\/www.assent.com\/wp-content\/uploads\/2025\/07\/Tanvi-Headshot.jpeg\" \/>\n\t<meta property=\"og:image:width\" content=\"400\" \/>\n\t<meta property=\"og:image:height\" content=\"400\" \/>\n\t<meta property=\"og:image:type\" content=\"image\/jpeg\" \/>\n<meta name=\"twitter:card\" content=\"summary_large_image\" \/>\n<meta name=\"twitter:site\" content=\"@AssentGlobal\" \/>\n<script type=\"application\/ld+json\" class=\"yoast-schema-graph\">{\"@context\":\"https:\/\/schema.org\",\"@graph\":[{\"@type\":\"WebPage\",\"@id\":\"https:\/\/www.assent.com\/de\/funktionen\/expertise\/tanvi-patel\/\",\"url\":\"https:\/\/www.assent.com\/de\/funktionen\/expertise\/tanvi-patel\/\",\"name\":\"Tanvi Patel: Expert in Sustainable Strategies | Assent\",\"isPartOf\":{\"@id\":\"https:\/\/www.assent.com\/de\/#website\"},\"primaryImageOfPage\":{\"@id\":\"https:\/\/www.assent.com\/de\/funktionen\/expertise\/tanvi-patel\/#primaryimage\"},\"image\":{\"@id\":\"https:\/\/www.assent.com\/de\/funktionen\/expertise\/tanvi-patel\/#primaryimage\"},\"thumbnailUrl\":\"https:\/\/www.assent.com\/wp-content\/uploads\/2025\/07\/Tanvi-Headshot.jpeg\",\"datePublished\":\"2025-07-10T20:52:38+00:00\",\"dateModified\":\"2026-01-29T22:22:31+00:00\",\"description\":\"Tanvi Patel ist eine Nachhaltigkeitsexpertin, die sich darauf konzentriert, Berichterstattung und nachhaltige Lieferketten-Strategien f\u00fcr komplexe globale Organisationen voranzutreiben.\",\"breadcrumb\":{\"@id\":\"https:\/\/www.assent.com\/de\/funktionen\/expertise\/tanvi-patel\/#breadcrumb\"},\"inLanguage\":\"de\",\"potentialAction\":[{\"@type\":\"ReadAction\",\"target\":[\"https:\/\/www.assent.com\/de\/funktionen\/expertise\/tanvi-patel\/\"]}]},{\"@type\":\"ImageObject\",\"inLanguage\":\"de\",\"@id\":\"https:\/\/www.assent.com\/de\/funktionen\/expertise\/tanvi-patel\/#primaryimage\",\"url\":\"https:\/\/www.assent.com\/wp-content\/uploads\/2025\/07\/Tanvi-Headshot.jpeg\",\"contentUrl\":\"https:\/\/www.assent.com\/wp-content\/uploads\/2025\/07\/Tanvi-Headshot.jpeg\",\"width\":400,\"height\":400,\"caption\":\"Tanvi Patel\"},{\"@type\":\"BreadcrumbList\",\"@id\":\"https:\/\/www.assent.com\/de\/funktionen\/expertise\/tanvi-patel\/#breadcrumb\",\"itemListElement\":[{\"@type\":\"ListItem\",\"position\":1,\"name\":\"Home\",\"item\":\"https:\/\/www.assent.com\/de\/\"},{\"@type\":\"ListItem\",\"position\":2,\"name\":\"Unsere Plattform und Funktionen\",\"item\":\"https:\/\/www.assent.com\/de\/funktionen\/\"},{\"@type\":\"ListItem\",\"position\":3,\"name\":\"Unsere Expertise\",\"item\":\"https:\/\/www.assent.com\/de\/funktionen\/expertise\/\"},{\"@type\":\"ListItem\",\"position\":4,\"name\":\"Tanvi Patel\"}]},{\"@type\":\"WebSite\",\"@id\":\"https:\/\/www.assent.com\/de\/#website\",\"url\":\"https:\/\/www.assent.com\/de\/\",\"name\":\"Assent\",\"description\":\"\",\"publisher\":{\"@id\":\"https:\/\/www.assent.com\/de\/#organization\"},\"potentialAction\":[{\"@type\":\"SearchAction\",\"target\":{\"@type\":\"EntryPoint\",\"urlTemplate\":\"https:\/\/www.assent.com\/de\/?s={search_term_string}\"},\"query-input\":{\"@type\":\"PropertyValueSpecification\",\"valueRequired\":true,\"valueName\":\"search_term_string\"}}],\"inLanguage\":\"de\"},{\"@type\":\"Organization\",\"@id\":\"https:\/\/www.assent.com\/de\/#organization\",\"name\":\"Assent\",\"url\":\"https:\/\/www.assent.com\/de\/\",\"logo\":{\"@type\":\"ImageObject\",\"inLanguage\":\"de\",\"@id\":\"https:\/\/www.assent.com\/de\/#\/schema\/logo\/image\/\",\"url\":\"https:\/\/www.assent.com\/wp-content\/uploads\/2022\/01\/logo.svg\",\"contentUrl\":\"https:\/\/www.assent.com\/wp-content\/uploads\/2022\/01\/logo.svg\",\"width\":1,\"height\":1,\"caption\":\"Assent\"},\"image\":{\"@id\":\"https:\/\/www.assent.com\/de\/#\/schema\/logo\/image\/\"},\"sameAs\":[\"https:\/\/www.facebook.com\/AssentCompliance\/\",\"https:\/\/x.com\/AssentGlobal\",\"https:\/\/www.linkedin.com\/company\/assent-compliance-inc\"]}]}<\/script>\n<!-- \/ Yoast SEO Premium plugin. -->","yoast_head_json":{"title":"Tanvi Patel: Expert in Sustainable Strategies | Assent","description":"Tanvi Patel ist eine Nachhaltigkeitsexpertin, die sich darauf konzentriert, Berichterstattung und nachhaltige Lieferketten-Strategien f\u00fcr komplexe globale Organisationen voranzutreiben.","robots":{"index":"index","follow":"follow","max-snippet":"max-snippet:-1","max-image-preview":"max-image-preview:large","max-video-preview":"max-video-preview:-1"},"canonical":"https:\/\/www.assent.com\/de\/funktionen\/expertise\/tanvi-patel\/","og_locale":"de_DE","og_type":"article","og_title":"Tanvi Patel","og_description":"Tanvi Patel ist eine Nachhaltigkeitsexpertin, die sich darauf konzentriert, Berichterstattung und nachhaltige Lieferketten-Strategien f\u00fcr komplexe globale Organisationen voranzutreiben.","og_url":"https:\/\/www.assent.com\/de\/funktionen\/expertise\/tanvi-patel\/","og_site_name":"Assent","article_publisher":"https:\/\/www.facebook.com\/AssentCompliance\/","article_modified_time":"2026-01-29T22:22:31+00:00","og_image":[{"width":400,"height":400,"url":"https:\/\/www.assent.com\/wp-content\/uploads\/2025\/07\/Tanvi-Headshot.jpeg","type":"image\/jpeg"}],"twitter_card":"summary_large_image","twitter_site":"@AssentGlobal","schema":{"@context":"https:\/\/schema.org","@graph":[{"@type":"WebPage","@id":"https:\/\/www.assent.com\/de\/funktionen\/expertise\/tanvi-patel\/","url":"https:\/\/www.assent.com\/de\/funktionen\/expertise\/tanvi-patel\/","name":"Tanvi Patel: Expert in Sustainable Strategies | Assent","isPartOf":{"@id":"https:\/\/www.assent.com\/de\/#website"},"primaryImageOfPage":{"@id":"https:\/\/www.assent.com\/de\/funktionen\/expertise\/tanvi-patel\/#primaryimage"},"image":{"@id":"https:\/\/www.assent.com\/de\/funktionen\/expertise\/tanvi-patel\/#primaryimage"},"thumbnailUrl":"https:\/\/www.assent.com\/wp-content\/uploads\/2025\/07\/Tanvi-Headshot.jpeg","datePublished":"2025-07-10T20:52:38+00:00","dateModified":"2026-01-29T22:22:31+00:00","description":"Tanvi Patel ist eine Nachhaltigkeitsexpertin, die sich darauf konzentriert, Berichterstattung und nachhaltige Lieferketten-Strategien f\u00fcr komplexe globale Organisationen voranzutreiben.","breadcrumb":{"@id":"https:\/\/www.assent.com\/de\/funktionen\/expertise\/tanvi-patel\/#breadcrumb"},"inLanguage":"de","potentialAction":[{"@type":"ReadAction","target":["https:\/\/www.assent.com\/de\/funktionen\/expertise\/tanvi-patel\/"]}]},{"@type":"ImageObject","inLanguage":"de","@id":"https:\/\/www.assent.com\/de\/funktionen\/expertise\/tanvi-patel\/#primaryimage","url":"https:\/\/www.assent.com\/wp-content\/uploads\/2025\/07\/Tanvi-Headshot.jpeg","contentUrl":"https:\/\/www.assent.com\/wp-content\/uploads\/2025\/07\/Tanvi-Headshot.jpeg","width":400,"height":400,"caption":"Tanvi Patel"},{"@type":"BreadcrumbList","@id":"https:\/\/www.assent.com\/de\/funktionen\/expertise\/tanvi-patel\/#breadcrumb","itemListElement":[{"@type":"ListItem","position":1,"name":"Home","item":"https:\/\/www.assent.com\/de\/"},{"@type":"ListItem","position":2,"name":"Unsere Plattform und Funktionen","item":"https:\/\/www.assent.com\/de\/funktionen\/"},{"@type":"ListItem","position":3,"name":"Unsere Expertise","item":"https:\/\/www.assent.com\/de\/funktionen\/expertise\/"},{"@type":"ListItem","position":4,"name":"Tanvi Patel"}]},{"@type":"WebSite","@id":"https:\/\/www.assent.com\/de\/#website","url":"https:\/\/www.assent.com\/de\/","name":"Assent","description":"","publisher":{"@id":"https:\/\/www.assent.com\/de\/#organization"},"potentialAction":[{"@type":"SearchAction","target":{"@type":"EntryPoint","urlTemplate":"https:\/\/www.assent.com\/de\/?s={search_term_string}"},"query-input":{"@type":"PropertyValueSpecification","valueRequired":true,"valueName":"search_term_string"}}],"inLanguage":"de"},{"@type":"Organization","@id":"https:\/\/www.assent.com\/de\/#organization","name":"Assent","url":"https:\/\/www.assent.com\/de\/","logo":{"@type":"ImageObject","inLanguage":"de","@id":"https:\/\/www.assent.com\/de\/#\/schema\/logo\/image\/","url":"https:\/\/www.assent.com\/wp-content\/uploads\/2022\/01\/logo.svg","contentUrl":"https:\/\/www.assent.com\/wp-content\/uploads\/2022\/01\/logo.svg","width":1,"height":1,"caption":"Assent"},"image":{"@id":"https:\/\/www.assent.com\/de\/#\/schema\/logo\/image\/"},"sameAs":["https:\/\/www.facebook.com\/AssentCompliance\/","https:\/\/x.com\/AssentGlobal","https:\/\/www.linkedin.com\/company\/assent-compliance-inc"]}]}},"_links":{"self":[{"href":"https:\/\/www.assent.com\/de\/wp-json\/wp\/v2\/pages\/108526","targetHints":{"allow":["GET"]}}],"collection":[{"href":"https:\/\/www.assent.com\/de\/wp-json\/wp\/v2\/pages"}],"about":[{"href":"https:\/\/www.assent.com\/de\/wp-json\/wp\/v2\/types\/page"}],"author":[{"embeddable":true,"href":"https:\/\/www.assent.com\/de\/wp-json\/wp\/v2\/users\/47"}],"replies":[{"embeddable":true,"href":"https:\/\/www.assent.com\/de\/wp-json\/wp\/v2\/comments?post=108526"}],"version-history":[{"count":1,"href":"https:\/\/www.assent.com\/de\/wp-json\/wp\/v2\/pages\/108526\/revisions"}],"predecessor-version":[{"id":108532,"href":"https:\/\/www.assent.com\/de\/wp-json\/wp\/v2\/pages\/108526\/revisions\/108532"}],"up":[{"embeddable":true,"href":"https:\/\/www.assent.com\/de\/wp-json\/wp\/v2\/pages\/29753"}],"wp:featuredmedia":[{"embeddable":true,"href":"https:\/\/www.assent.com\/de\/wp-json\/wp\/v2\/media\/93022"}],"wp:attachment":[{"href":"https:\/\/www.assent.com\/de\/wp-json\/wp\/v2\/media?parent=108526"}],"wp:term":[{"taxonomy":"category","embeddable":true,"href":"https:\/\/www.assent.com\/de\/wp-json\/wp\/v2\/categories?post=108526"}],"curies":[{"name":"wp","href":"https:\/\/api.w.org\/{rel}","templated":true}]}}