{"id":108007,"date":"2025-12-23T18:41:53","date_gmt":"2025-12-23T23:41:53","guid":{"rendered":"https:\/\/www.assent.com\/funktionen\/expertise\/sandesh-badhe\/"},"modified":"2026-02-06T10:03:36","modified_gmt":"2026-02-06T15:03:36","slug":"sandesh-badhe","status":"publish","type":"page","link":"https:\/\/www.assent.com\/de\/funktionen\/expertise\/sandesh-badhe\/","title":{"rendered":"Sandesh Badhe"},"content":{"rendered":"\n<div style=\"height:75px\" aria-hidden=\"true\" class=\"wp-block-spacer\"><\/div>\n\n\n\r\n<!-- WYSIWYG -->\r\n        <section class=\"wysiwyg-section\" id=\"cally_edgren\">\r\n            <div class=\"container\"><h1>Sandesh Badhe<\/h1>\n<h6>Regulatorischer Spezialist<\/h6>\n<p><img decoding=\"async\" class=\"size-medium wp-image-43228 alignright\" src=\"https:\/\/www.assent.com\/wp-content\/uploads\/2025\/12\/Sandesh-Badhe.webp\" alt=\"SANDESH\" width=\"300\" height=\"300\" data-wp-editing=\"1\" \/><br \/>\nSandesh verf\u00fcgt \u00fcber mehr als 12 Jahre Erfahrung in der Fertigungsindustrie und war als Produktkonformit\u00e4tsingenieur unter anderem f\u00fcr Unternehmen wie Kohler, SPX Flow und Renishaw t\u00e4tig. Seine Expertise umfasst ein breites Spektrum an Themen der Material-Compliance, darunter RoHS, REACH, Proposition 65, Konfliktmineralien (Conflict Minerals Reporting Template), TSCA und die SCIP-Datenbank. Sandesh verfolgt einen ausgepr\u00e4gten kundenorientierten Ansatz in seiner Arbeit und engagiert sich daf\u00fcr, Unternehmen bei der Erreichung ihrer Compliance-Ziele zu unterst\u00fctzen.<\/p>\n<p><a href=\"https:\/\/www.linkedin.com\/in\/sandesh-badhe\/\" target=\"_blank\" rel=\"noopener\">Vernetzen Sie sich bei LinkedIn mit Sandesh<\/a><\/p>\n<p><a href=\"mailto:sandesh.badhe@assent.com\">Sandesh per E-Mail kontaktieren<\/a><\/p>\n<\/div>    \r\n        <\/section>","protected":false},"excerpt":{"rendered":"<p>Lernen Sie Sandesh Badhe, den Regulierungsbeauftragten von Assent, kennen. Er ist spezialisiert auf RoHS, REACH, und TSCA.<\/p>\n","protected":false},"author":52,"featured_media":0,"parent":29753,"menu_order":0,"comment_status":"closed","ping_status":"closed","template":"","meta":{"_acf_changed":false,"footnotes":"","_links_to":"","_links_to_target":""},"categories":[],"class_list":["post-108007","page","type-page","status-publish","hentry"],"acf":[],"yoast_head":"<!-- This site is optimized with the Yoast SEO Premium plugin v26.6 (Yoast SEO v27.0) - https:\/\/yoast.com\/product\/yoast-seo-premium-wordpress\/ -->\n<title>Sandesh Badhe | Regulatorischer Spezialist | Assent<\/title>\n<meta name=\"description\" content=\"Lernen Sie Sandesh Badhe, den Regulierungsbeauftragten von Assent, kennen. Er ist spezialisiert auf RoHS, REACH, und TSCA.\" \/>\n<meta name=\"robots\" content=\"index, follow, max-snippet:-1, max-image-preview:large, max-video-preview:-1\" \/>\n<link rel=\"canonical\" href=\"https:\/\/www.assent.com\/de\/funktionen\/expertise\/sandesh-badhe\/\" \/>\n<meta property=\"og:locale\" content=\"de_DE\" \/>\n<meta property=\"og:type\" content=\"article\" \/>\n<meta property=\"og:title\" content=\"Sandesh Badhe\" \/>\n<meta property=\"og:description\" content=\"Lernen Sie Sandesh Badhe, den Regulierungsbeauftragten von Assent, kennen. Er ist spezialisiert auf RoHS, REACH, und TSCA.\" \/>\n<meta property=\"og:url\" content=\"https:\/\/www.assent.com\/de\/funktionen\/expertise\/sandesh-badhe\/\" \/>\n<meta property=\"og:site_name\" content=\"Assent\" \/>\n<meta property=\"article:publisher\" content=\"https:\/\/www.facebook.com\/AssentCompliance\/\" \/>\n<meta property=\"article:modified_time\" content=\"2026-02-06T15:03:36+00:00\" \/>\n<meta name=\"twitter:card\" content=\"summary_large_image\" \/>\n<meta name=\"twitter:site\" content=\"@AssentGlobal\" \/>\n<script type=\"application\/ld+json\" class=\"yoast-schema-graph\">{\"@context\":\"https:\/\/schema.org\",\"@graph\":[{\"@type\":\"WebPage\",\"@id\":\"https:\/\/www.assent.com\/de\/funktionen\/expertise\/sandesh-badhe\/\",\"url\":\"https:\/\/www.assent.com\/de\/funktionen\/expertise\/sandesh-badhe\/\",\"name\":\"Sandesh Badhe | Regulatorischer Spezialist | Assent\",\"isPartOf\":{\"@id\":\"https:\/\/www.assent.com\/de\/#website\"},\"datePublished\":\"2025-12-23T23:41:53+00:00\",\"dateModified\":\"2026-02-06T15:03:36+00:00\",\"description\":\"Lernen Sie Sandesh Badhe, den Regulierungsbeauftragten von Assent, kennen. Er ist spezialisiert auf RoHS, REACH, und TSCA.\",\"breadcrumb\":{\"@id\":\"https:\/\/www.assent.com\/de\/funktionen\/expertise\/sandesh-badhe\/#breadcrumb\"},\"inLanguage\":\"de\",\"potentialAction\":[{\"@type\":\"ReadAction\",\"target\":[\"https:\/\/www.assent.com\/de\/funktionen\/expertise\/sandesh-badhe\/\"]}]},{\"@type\":\"BreadcrumbList\",\"@id\":\"https:\/\/www.assent.com\/de\/funktionen\/expertise\/sandesh-badhe\/#breadcrumb\",\"itemListElement\":[{\"@type\":\"ListItem\",\"position\":1,\"name\":\"Home\",\"item\":\"https:\/\/www.assent.com\/de\/\"},{\"@type\":\"ListItem\",\"position\":2,\"name\":\"Unsere Plattform und Funktionen\",\"item\":\"https:\/\/www.assent.com\/de\/funktionen\/\"},{\"@type\":\"ListItem\",\"position\":3,\"name\":\"Unsere Expertise\",\"item\":\"https:\/\/www.assent.com\/de\/funktionen\/expertise\/\"},{\"@type\":\"ListItem\",\"position\":4,\"name\":\"Sandesh Badhe\"}]},{\"@type\":\"WebSite\",\"@id\":\"https:\/\/www.assent.com\/de\/#website\",\"url\":\"https:\/\/www.assent.com\/de\/\",\"name\":\"Assent\",\"description\":\"\",\"publisher\":{\"@id\":\"https:\/\/www.assent.com\/de\/#organization\"},\"potentialAction\":[{\"@type\":\"SearchAction\",\"target\":{\"@type\":\"EntryPoint\",\"urlTemplate\":\"https:\/\/www.assent.com\/de\/?s={search_term_string}\"},\"query-input\":{\"@type\":\"PropertyValueSpecification\",\"valueRequired\":true,\"valueName\":\"search_term_string\"}}],\"inLanguage\":\"de\"},{\"@type\":\"Organization\",\"@id\":\"https:\/\/www.assent.com\/de\/#organization\",\"name\":\"Assent\",\"url\":\"https:\/\/www.assent.com\/de\/\",\"logo\":{\"@type\":\"ImageObject\",\"inLanguage\":\"de\",\"@id\":\"https:\/\/www.assent.com\/de\/#\/schema\/logo\/image\/\",\"url\":\"https:\/\/www.assent.com\/wp-content\/uploads\/2022\/01\/logo.svg\",\"contentUrl\":\"https:\/\/www.assent.com\/wp-content\/uploads\/2022\/01\/logo.svg\",\"width\":1,\"height\":1,\"caption\":\"Assent\"},\"image\":{\"@id\":\"https:\/\/www.assent.com\/de\/#\/schema\/logo\/image\/\"},\"sameAs\":[\"https:\/\/www.facebook.com\/AssentCompliance\/\",\"https:\/\/x.com\/AssentGlobal\",\"https:\/\/www.linkedin.com\/company\/assent-compliance-inc\"]}]}<\/script>\n<!-- \/ Yoast SEO Premium plugin. -->","yoast_head_json":{"title":"Sandesh Badhe | Regulatorischer Spezialist | Assent","description":"Lernen Sie Sandesh Badhe, den Regulierungsbeauftragten von Assent, kennen. Er ist spezialisiert auf RoHS, REACH, und TSCA.","robots":{"index":"index","follow":"follow","max-snippet":"max-snippet:-1","max-image-preview":"max-image-preview:large","max-video-preview":"max-video-preview:-1"},"canonical":"https:\/\/www.assent.com\/de\/funktionen\/expertise\/sandesh-badhe\/","og_locale":"de_DE","og_type":"article","og_title":"Sandesh Badhe","og_description":"Lernen Sie Sandesh Badhe, den Regulierungsbeauftragten von Assent, kennen. Er ist spezialisiert auf RoHS, REACH, und TSCA.","og_url":"https:\/\/www.assent.com\/de\/funktionen\/expertise\/sandesh-badhe\/","og_site_name":"Assent","article_publisher":"https:\/\/www.facebook.com\/AssentCompliance\/","article_modified_time":"2026-02-06T15:03:36+00:00","twitter_card":"summary_large_image","twitter_site":"@AssentGlobal","schema":{"@context":"https:\/\/schema.org","@graph":[{"@type":"WebPage","@id":"https:\/\/www.assent.com\/de\/funktionen\/expertise\/sandesh-badhe\/","url":"https:\/\/www.assent.com\/de\/funktionen\/expertise\/sandesh-badhe\/","name":"Sandesh Badhe | Regulatorischer Spezialist | Assent","isPartOf":{"@id":"https:\/\/www.assent.com\/de\/#website"},"datePublished":"2025-12-23T23:41:53+00:00","dateModified":"2026-02-06T15:03:36+00:00","description":"Lernen Sie Sandesh Badhe, den Regulierungsbeauftragten von Assent, kennen. Er ist spezialisiert auf RoHS, REACH, und TSCA.","breadcrumb":{"@id":"https:\/\/www.assent.com\/de\/funktionen\/expertise\/sandesh-badhe\/#breadcrumb"},"inLanguage":"de","potentialAction":[{"@type":"ReadAction","target":["https:\/\/www.assent.com\/de\/funktionen\/expertise\/sandesh-badhe\/"]}]},{"@type":"BreadcrumbList","@id":"https:\/\/www.assent.com\/de\/funktionen\/expertise\/sandesh-badhe\/#breadcrumb","itemListElement":[{"@type":"ListItem","position":1,"name":"Home","item":"https:\/\/www.assent.com\/de\/"},{"@type":"ListItem","position":2,"name":"Unsere Plattform und Funktionen","item":"https:\/\/www.assent.com\/de\/funktionen\/"},{"@type":"ListItem","position":3,"name":"Unsere Expertise","item":"https:\/\/www.assent.com\/de\/funktionen\/expertise\/"},{"@type":"ListItem","position":4,"name":"Sandesh Badhe"}]},{"@type":"WebSite","@id":"https:\/\/www.assent.com\/de\/#website","url":"https:\/\/www.assent.com\/de\/","name":"Assent","description":"","publisher":{"@id":"https:\/\/www.assent.com\/de\/#organization"},"potentialAction":[{"@type":"SearchAction","target":{"@type":"EntryPoint","urlTemplate":"https:\/\/www.assent.com\/de\/?s={search_term_string}"},"query-input":{"@type":"PropertyValueSpecification","valueRequired":true,"valueName":"search_term_string"}}],"inLanguage":"de"},{"@type":"Organization","@id":"https:\/\/www.assent.com\/de\/#organization","name":"Assent","url":"https:\/\/www.assent.com\/de\/","logo":{"@type":"ImageObject","inLanguage":"de","@id":"https:\/\/www.assent.com\/de\/#\/schema\/logo\/image\/","url":"https:\/\/www.assent.com\/wp-content\/uploads\/2022\/01\/logo.svg","contentUrl":"https:\/\/www.assent.com\/wp-content\/uploads\/2022\/01\/logo.svg","width":1,"height":1,"caption":"Assent"},"image":{"@id":"https:\/\/www.assent.com\/de\/#\/schema\/logo\/image\/"},"sameAs":["https:\/\/www.facebook.com\/AssentCompliance\/","https:\/\/x.com\/AssentGlobal","https:\/\/www.linkedin.com\/company\/assent-compliance-inc"]}]}},"_links":{"self":[{"href":"https:\/\/www.assent.com\/de\/wp-json\/wp\/v2\/pages\/108007","targetHints":{"allow":["GET"]}}],"collection":[{"href":"https:\/\/www.assent.com\/de\/wp-json\/wp\/v2\/pages"}],"about":[{"href":"https:\/\/www.assent.com\/de\/wp-json\/wp\/v2\/types\/page"}],"author":[{"embeddable":true,"href":"https:\/\/www.assent.com\/de\/wp-json\/wp\/v2\/users\/52"}],"replies":[{"embeddable":true,"href":"https:\/\/www.assent.com\/de\/wp-json\/wp\/v2\/comments?post=108007"}],"version-history":[{"count":4,"href":"https:\/\/www.assent.com\/de\/wp-json\/wp\/v2\/pages\/108007\/revisions"}],"predecessor-version":[{"id":108878,"href":"https:\/\/www.assent.com\/de\/wp-json\/wp\/v2\/pages\/108007\/revisions\/108878"}],"up":[{"embeddable":true,"href":"https:\/\/www.assent.com\/de\/wp-json\/wp\/v2\/pages\/29753"}],"wp:attachment":[{"href":"https:\/\/www.assent.com\/de\/wp-json\/wp\/v2\/media?parent=108007"}],"wp:term":[{"taxonomy":"category","embeddable":true,"href":"https:\/\/www.assent.com\/de\/wp-json\/wp\/v2\/categories?post=108007"}],"curies":[{"name":"wp","href":"https:\/\/api.w.org\/{rel}","templated":true}]}}