{"id":105123,"date":"2025-12-20T02:30:01","date_gmt":"2025-12-20T07:30:01","guid":{"rendered":"https:\/\/www.assent.com\/?page_id=105123"},"modified":"2025-12-20T02:37:50","modified_gmt":"2025-12-20T07:37:50","slug":"amanda-stires","status":"publish","type":"page","link":"https:\/\/www.assent.com\/de\/funktionen\/expertise\/amanda-stires\/","title":{"rendered":"Amanda Stires"},"content":{"rendered":"\n<div style=\"height:75px\" aria-hidden=\"true\" class=\"wp-block-spacer\"><\/div>\n\n\n\r\n<!-- WYSIWYG -->\r\n        <section class=\"wysiwyg-section\" id=\"cally_edgren\">\r\n            <div class=\"container\"><h1>Amanda Stires<\/h1>\n<p><img decoding=\"async\" class=\"wp-image-102041 size-medium alignright\" src=\"https:\/\/www.assent.com\/wp-content\/uploads\/2025\/10\/Amanda-Stires-300x300.jpg\" alt=\"Amanda Stires\" width=\"300\" height=\"300\" srcset=\"https:\/\/www.assent.com\/wp-content\/uploads\/2025\/10\/Amanda-Stires-300x300.jpg 300w, https:\/\/www.assent.com\/wp-content\/uploads\/2025\/10\/Amanda-Stires-1024x1024.jpg 1024w, https:\/\/www.assent.com\/wp-content\/uploads\/2025\/10\/Amanda-Stires-150x150.jpg 150w, https:\/\/www.assent.com\/wp-content\/uploads\/2025\/10\/Amanda-Stires-768x768.jpg 768w, https:\/\/www.assent.com\/wp-content\/uploads\/2025\/10\/Amanda-Stires-1536x1536.jpg 1536w, https:\/\/www.assent.com\/wp-content\/uploads\/2025\/10\/Amanda-Stires.jpg 900w\" sizes=\"(max-width: 300px) 100vw, 300px\" \/><\/p>\n<h6>Regulatorische Expertin<\/h6>\n<p>Amanda bringt ihre Leidenschaft f\u00fcr Chemie und Nachhaltigkeit in ihre Arbeit ein, indem sie Organisationen dabei unterst\u00fctzt, sicherere Produkte zu entwickeln, ihre Umweltbelastung zu verringern und globale regulatorische Verpflichtungen zu erf\u00fcllen. Derzeit konzentriert sie sich darauf, Kunden in zentralen regulatorischen Bereichen wie TSCA, REACH und PFAS zu unterst\u00fctzen. Dar\u00fcber hinaus verf\u00fcgt sie \u00fcber umfassende Erfahrung in den Bereichen der Umweltberichterstattung, Genehmigungsverfahren und der Erstellung von Sicherheitsdatenbl\u00e4ttern. Amanda verf\u00fcgt \u00fcber einen Abschluss im Chemieingenieurwesen und bringt umfassende Fachkenntnisse im Bereich Umwelt-Compliance und regulatorischer Angelegenheiten mit, insbesondere im Sektor der chemischen Herstellung.<\/p>\n<p><a href=\"https:\/\/www.linkedin.com\/in\/amanda-stires-9a948a191\/\" target=\"_blank\" rel=\"noopener\">Vernetzen Sie sich mit Amanda auf LinkedIn.<\/a><\/p>\n<p><a href=\"mailto:amanda.stires@assent.com\">Email Amanda<\/a><\/p>\n<\/div>    \r\n        <\/section>\n\n\n<style>\n#bloomberg { display: none; }\n<\/style>\n\n\n\n<div style=\"height:75px\" aria-hidden=\"true\" class=\"wp-block-spacer\"><\/div>\n\n\n\n<p><\/p>\n","protected":false},"excerpt":{"rendered":"<p>Lernen Sie Assents Expertin f\u00fcr regulatorische Compliance Amanda Stires kennen<\/p>\n","protected":false},"author":47,"featured_media":110578,"parent":29753,"menu_order":0,"comment_status":"closed","ping_status":"closed","template":"","meta":{"_acf_changed":false,"footnotes":"","_links_to":"","_links_to_target":""},"categories":[],"class_list":["post-105123","page","type-page","status-publish","has-post-thumbnail","hentry"],"acf":[],"yoast_head":"<!-- This site is optimized with the Yoast SEO Premium plugin v26.6 (Yoast SEO v27.0) - https:\/\/yoast.com\/product\/yoast-seo-premium-wordpress\/ -->\n<title>Amanda Stires | Expertin f\u00fcr regulatorische Compliance | Assent<\/title>\n<meta name=\"description\" content=\"Lernen Sie Assents Expertin f\u00fcr regulatorische Compliance Amanda Stires kennen\" \/>\n<meta name=\"robots\" content=\"index, follow, max-snippet:-1, max-image-preview:large, max-video-preview:-1\" \/>\n<link rel=\"canonical\" href=\"https:\/\/www.assent.com\/de\/funktionen\/expertise\/amanda-stires\/\" \/>\n<meta property=\"og:locale\" content=\"de_DE\" \/>\n<meta property=\"og:type\" content=\"article\" \/>\n<meta property=\"og:title\" content=\"Amanda Stires\" \/>\n<meta property=\"og:description\" content=\"Lernen Sie Assents Expertin f\u00fcr regulatorische Compliance Amanda Stires kennen\" \/>\n<meta property=\"og:url\" content=\"https:\/\/www.assent.com\/de\/funktionen\/expertise\/amanda-stires\/\" \/>\n<meta property=\"og:site_name\" content=\"Assent\" \/>\n<meta property=\"article:publisher\" content=\"https:\/\/www.facebook.com\/AssentCompliance\/\" \/>\n<meta property=\"article:modified_time\" content=\"2025-12-20T07:37:50+00:00\" \/>\n<meta property=\"og:image\" content=\"https:\/\/www.assent.com\/wp-content\/uploads\/2025\/10\/Amanda-Stires.jpg\" \/>\n\t<meta property=\"og:image:width\" content=\"2006\" \/>\n\t<meta property=\"og:image:height\" content=\"2007\" \/>\n\t<meta property=\"og:image:type\" content=\"image\/jpeg\" \/>\n<meta name=\"twitter:card\" content=\"summary_large_image\" \/>\n<meta name=\"twitter:site\" content=\"@AssentGlobal\" \/>\n<script type=\"application\/ld+json\" class=\"yoast-schema-graph\">{\"@context\":\"https:\/\/schema.org\",\"@graph\":[{\"@type\":\"WebPage\",\"@id\":\"https:\/\/www.assent.com\/de\/funktionen\/expertise\/amanda-stires\/\",\"url\":\"https:\/\/www.assent.com\/de\/funktionen\/expertise\/amanda-stires\/\",\"name\":\"Amanda Stires | Expertin f\u00fcr regulatorische Compliance | Assent\",\"isPartOf\":{\"@id\":\"https:\/\/www.assent.com\/de\/#website\"},\"primaryImageOfPage\":{\"@id\":\"https:\/\/www.assent.com\/de\/funktionen\/expertise\/amanda-stires\/#primaryimage\"},\"image\":{\"@id\":\"https:\/\/www.assent.com\/de\/funktionen\/expertise\/amanda-stires\/#primaryimage\"},\"thumbnailUrl\":\"https:\/\/www.assent.com\/wp-content\/uploads\/2026\/03\/Amanda-Stires-Headshot-NEW.png\",\"datePublished\":\"2025-12-20T07:30:01+00:00\",\"dateModified\":\"2025-12-20T07:37:50+00:00\",\"description\":\"Lernen Sie Assents Expertin f\u00fcr regulatorische Compliance Amanda Stires kennen\",\"breadcrumb\":{\"@id\":\"https:\/\/www.assent.com\/de\/funktionen\/expertise\/amanda-stires\/#breadcrumb\"},\"inLanguage\":\"de\",\"potentialAction\":[{\"@type\":\"ReadAction\",\"target\":[\"https:\/\/www.assent.com\/de\/funktionen\/expertise\/amanda-stires\/\"]}]},{\"@type\":\"ImageObject\",\"inLanguage\":\"de\",\"@id\":\"https:\/\/www.assent.com\/de\/funktionen\/expertise\/amanda-stires\/#primaryimage\",\"url\":\"https:\/\/www.assent.com\/wp-content\/uploads\/2026\/03\/Amanda-Stires-Headshot-NEW.png\",\"contentUrl\":\"https:\/\/www.assent.com\/wp-content\/uploads\/2026\/03\/Amanda-Stires-Headshot-NEW.png\",\"width\":1124,\"height\":1124,\"caption\":\"Amanda Stires, Assent supply chain sustainability expert.\"},{\"@type\":\"BreadcrumbList\",\"@id\":\"https:\/\/www.assent.com\/de\/funktionen\/expertise\/amanda-stires\/#breadcrumb\",\"itemListElement\":[{\"@type\":\"ListItem\",\"position\":1,\"name\":\"Home\",\"item\":\"https:\/\/www.assent.com\/de\/\"},{\"@type\":\"ListItem\",\"position\":2,\"name\":\"Unsere Plattform und Funktionen\",\"item\":\"https:\/\/www.assent.com\/de\/funktionen\/\"},{\"@type\":\"ListItem\",\"position\":3,\"name\":\"Unsere Expertise\",\"item\":\"https:\/\/www.assent.com\/de\/funktionen\/expertise\/\"},{\"@type\":\"ListItem\",\"position\":4,\"name\":\"Amanda Stires\"}]},{\"@type\":\"WebSite\",\"@id\":\"https:\/\/www.assent.com\/de\/#website\",\"url\":\"https:\/\/www.assent.com\/de\/\",\"name\":\"Assent\",\"description\":\"\",\"publisher\":{\"@id\":\"https:\/\/www.assent.com\/de\/#organization\"},\"potentialAction\":[{\"@type\":\"SearchAction\",\"target\":{\"@type\":\"EntryPoint\",\"urlTemplate\":\"https:\/\/www.assent.com\/de\/?s={search_term_string}\"},\"query-input\":{\"@type\":\"PropertyValueSpecification\",\"valueRequired\":true,\"valueName\":\"search_term_string\"}}],\"inLanguage\":\"de\"},{\"@type\":\"Organization\",\"@id\":\"https:\/\/www.assent.com\/de\/#organization\",\"name\":\"Assent\",\"url\":\"https:\/\/www.assent.com\/de\/\",\"logo\":{\"@type\":\"ImageObject\",\"inLanguage\":\"de\",\"@id\":\"https:\/\/www.assent.com\/de\/#\/schema\/logo\/image\/\",\"url\":\"https:\/\/www.assent.com\/wp-content\/uploads\/2022\/01\/logo.svg\",\"contentUrl\":\"https:\/\/www.assent.com\/wp-content\/uploads\/2022\/01\/logo.svg\",\"width\":1,\"height\":1,\"caption\":\"Assent\"},\"image\":{\"@id\":\"https:\/\/www.assent.com\/de\/#\/schema\/logo\/image\/\"},\"sameAs\":[\"https:\/\/www.facebook.com\/AssentCompliance\/\",\"https:\/\/x.com\/AssentGlobal\",\"https:\/\/www.linkedin.com\/company\/assent-compliance-inc\"]}]}<\/script>\n<!-- \/ Yoast SEO Premium plugin. -->","yoast_head_json":{"title":"Amanda Stires | Expertin f\u00fcr regulatorische Compliance | Assent","description":"Lernen Sie Assents Expertin f\u00fcr regulatorische Compliance Amanda Stires kennen","robots":{"index":"index","follow":"follow","max-snippet":"max-snippet:-1","max-image-preview":"max-image-preview:large","max-video-preview":"max-video-preview:-1"},"canonical":"https:\/\/www.assent.com\/de\/funktionen\/expertise\/amanda-stires\/","og_locale":"de_DE","og_type":"article","og_title":"Amanda Stires","og_description":"Lernen Sie Assents Expertin f\u00fcr regulatorische Compliance Amanda Stires kennen","og_url":"https:\/\/www.assent.com\/de\/funktionen\/expertise\/amanda-stires\/","og_site_name":"Assent","article_publisher":"https:\/\/www.facebook.com\/AssentCompliance\/","article_modified_time":"2025-12-20T07:37:50+00:00","og_image":[{"width":2006,"height":2007,"url":"https:\/\/www.assent.com\/wp-content\/uploads\/2025\/10\/Amanda-Stires.jpg","type":"image\/jpeg"}],"twitter_card":"summary_large_image","twitter_site":"@AssentGlobal","schema":{"@context":"https:\/\/schema.org","@graph":[{"@type":"WebPage","@id":"https:\/\/www.assent.com\/de\/funktionen\/expertise\/amanda-stires\/","url":"https:\/\/www.assent.com\/de\/funktionen\/expertise\/amanda-stires\/","name":"Amanda Stires | Expertin f\u00fcr regulatorische Compliance | Assent","isPartOf":{"@id":"https:\/\/www.assent.com\/de\/#website"},"primaryImageOfPage":{"@id":"https:\/\/www.assent.com\/de\/funktionen\/expertise\/amanda-stires\/#primaryimage"},"image":{"@id":"https:\/\/www.assent.com\/de\/funktionen\/expertise\/amanda-stires\/#primaryimage"},"thumbnailUrl":"https:\/\/www.assent.com\/wp-content\/uploads\/2026\/03\/Amanda-Stires-Headshot-NEW.png","datePublished":"2025-12-20T07:30:01+00:00","dateModified":"2025-12-20T07:37:50+00:00","description":"Lernen Sie Assents Expertin f\u00fcr regulatorische Compliance Amanda Stires kennen","breadcrumb":{"@id":"https:\/\/www.assent.com\/de\/funktionen\/expertise\/amanda-stires\/#breadcrumb"},"inLanguage":"de","potentialAction":[{"@type":"ReadAction","target":["https:\/\/www.assent.com\/de\/funktionen\/expertise\/amanda-stires\/"]}]},{"@type":"ImageObject","inLanguage":"de","@id":"https:\/\/www.assent.com\/de\/funktionen\/expertise\/amanda-stires\/#primaryimage","url":"https:\/\/www.assent.com\/wp-content\/uploads\/2026\/03\/Amanda-Stires-Headshot-NEW.png","contentUrl":"https:\/\/www.assent.com\/wp-content\/uploads\/2026\/03\/Amanda-Stires-Headshot-NEW.png","width":1124,"height":1124,"caption":"Amanda Stires, Assent supply chain sustainability expert."},{"@type":"BreadcrumbList","@id":"https:\/\/www.assent.com\/de\/funktionen\/expertise\/amanda-stires\/#breadcrumb","itemListElement":[{"@type":"ListItem","position":1,"name":"Home","item":"https:\/\/www.assent.com\/de\/"},{"@type":"ListItem","position":2,"name":"Unsere Plattform und Funktionen","item":"https:\/\/www.assent.com\/de\/funktionen\/"},{"@type":"ListItem","position":3,"name":"Unsere Expertise","item":"https:\/\/www.assent.com\/de\/funktionen\/expertise\/"},{"@type":"ListItem","position":4,"name":"Amanda Stires"}]},{"@type":"WebSite","@id":"https:\/\/www.assent.com\/de\/#website","url":"https:\/\/www.assent.com\/de\/","name":"Assent","description":"","publisher":{"@id":"https:\/\/www.assent.com\/de\/#organization"},"potentialAction":[{"@type":"SearchAction","target":{"@type":"EntryPoint","urlTemplate":"https:\/\/www.assent.com\/de\/?s={search_term_string}"},"query-input":{"@type":"PropertyValueSpecification","valueRequired":true,"valueName":"search_term_string"}}],"inLanguage":"de"},{"@type":"Organization","@id":"https:\/\/www.assent.com\/de\/#organization","name":"Assent","url":"https:\/\/www.assent.com\/de\/","logo":{"@type":"ImageObject","inLanguage":"de","@id":"https:\/\/www.assent.com\/de\/#\/schema\/logo\/image\/","url":"https:\/\/www.assent.com\/wp-content\/uploads\/2022\/01\/logo.svg","contentUrl":"https:\/\/www.assent.com\/wp-content\/uploads\/2022\/01\/logo.svg","width":1,"height":1,"caption":"Assent"},"image":{"@id":"https:\/\/www.assent.com\/de\/#\/schema\/logo\/image\/"},"sameAs":["https:\/\/www.facebook.com\/AssentCompliance\/","https:\/\/x.com\/AssentGlobal","https:\/\/www.linkedin.com\/company\/assent-compliance-inc"]}]}},"_links":{"self":[{"href":"https:\/\/www.assent.com\/de\/wp-json\/wp\/v2\/pages\/105123","targetHints":{"allow":["GET"]}}],"collection":[{"href":"https:\/\/www.assent.com\/de\/wp-json\/wp\/v2\/pages"}],"about":[{"href":"https:\/\/www.assent.com\/de\/wp-json\/wp\/v2\/types\/page"}],"author":[{"embeddable":true,"href":"https:\/\/www.assent.com\/de\/wp-json\/wp\/v2\/users\/47"}],"replies":[{"embeddable":true,"href":"https:\/\/www.assent.com\/de\/wp-json\/wp\/v2\/comments?post=105123"}],"version-history":[{"count":4,"href":"https:\/\/www.assent.com\/de\/wp-json\/wp\/v2\/pages\/105123\/revisions"}],"predecessor-version":[{"id":105134,"href":"https:\/\/www.assent.com\/de\/wp-json\/wp\/v2\/pages\/105123\/revisions\/105134"}],"up":[{"embeddable":true,"href":"https:\/\/www.assent.com\/de\/wp-json\/wp\/v2\/pages\/29753"}],"wp:featuredmedia":[{"embeddable":true,"href":"https:\/\/www.assent.com\/de\/wp-json\/wp\/v2\/media\/110578"}],"wp:attachment":[{"href":"https:\/\/www.assent.com\/de\/wp-json\/wp\/v2\/media?parent=105123"}],"wp:term":[{"taxonomy":"category","embeddable":true,"href":"https:\/\/www.assent.com\/de\/wp-json\/wp\/v2\/categories?post=105123"}],"curies":[{"name":"wp","href":"https:\/\/api.w.org\/{rel}","templated":true}]}}