{"id":101726,"date":"2025-07-10T16:49:50","date_gmt":"2025-07-10T20:49:50","guid":{"rendered":"https:\/\/www.assent.com\/unternehmen\/fuehrungsteam\/dan-deng\/"},"modified":"2025-10-21T10:10:24","modified_gmt":"2025-10-21T14:10:24","slug":"dan-deng","status":"publish","type":"page","link":"https:\/\/www.assent.com\/de\/unternehmen\/fuehrungsteam\/dan-deng\/","title":{"rendered":"Dan Deng"},"content":{"rendered":"\n<div style=\"height:82px\" aria-hidden=\"true\" class=\"wp-block-spacer\"><\/div>\n\n\n\r\n<!-- WYSIWYG -->\r\n        <section class=\"wysiwyg-section\">\r\n            <div class=\"container\"><h1>Dan Deng<\/h1>\n<p><img decoding=\"async\" class=\"alignright wp-image-93016 size-full\" style=\"max-width: 300px;\" src=\"https:\/\/www.assent.com\/wp-content\/uploads\/2025\/07\/Dan-Headshot.jpg\" alt=\"\" width=\"480\" height=\"720\" srcset=\"https:\/\/www.assent.com\/wp-content\/uploads\/2025\/07\/Dan-Headshot.jpg 480w, https:\/\/www.assent.com\/wp-content\/uploads\/2025\/07\/Dan-Headshot-200x300.jpg 200w\" sizes=\"(max-width: 480px) 100vw, 480px\" \/><\/p>\n<h6>Regulatorischer Experte<\/h6>\n<p>Dan Deng ist auf Compliance und Governance in der Lieferkette spezialisiert, mit Schwerpunkt auf der verantwortungsbewussten Beschaffung. Er verf\u00fcgt \u00fcber umfassende Erfahrung in der Leitung von Compliance-Programmen, einschlie\u00dflich der Verwaltung der Berichterstattung zu Konfliktmineralien. Dan hat die Entwicklung von Programmen zur verantwortungsvollen Beschaffung von Mineralien von Anfang bis Ende sowie die Einbindung von Zulieferern und Strategien zur Risikominderung in globalen Lieferketten beaufsichtigt. Er bringt Einblicke in regulatorische Risiken, die Sorgfaltspflicht bei Zulieferern und ethische Beschaffungsrahmen ein. Er hat einen MBA von der University of California, San Diego \u2013 Rady School of Management, und setzt sich leidenschaftlich daf\u00fcr ein, Unternehmen dabei zu unterst\u00fctzen, transparente, widerstandsf\u00e4hige und regulatorisch vorbereitete Lieferketten aufzubauen.<\/p>\n<p><a href=\"https:\/\/www.linkedin.com\/in\/dandeng1\/\" target=\"_blank\" rel=\"noopener\">Mit Dan Deng auf LinkedIn verbinden<\/a><\/p>\n<p><a href=\"mailto:dan.deng@assent.com\">E-Mail an Dan Deng senden<\/a><\/p>\n<\/div>    \r\n        <\/section>\n\n\n<div style=\"height:85px\" aria-hidden=\"true\" class=\"wp-block-spacer\"><\/div>\n","protected":false},"excerpt":{"rendered":"<p>Dan Deng ist auf die Einhaltung und Steuerung von Lieferkettenvorschriften spezialisiert, mit Schwerpunkt auf verantwortungsvoller Beschaffung.<\/p>\n","protected":false},"author":47,"featured_media":93018,"parent":29528,"menu_order":0,"comment_status":"closed","ping_status":"closed","template":"","meta":{"_acf_changed":false,"footnotes":"","_links_to":"","_links_to_target":""},"categories":[],"class_list":["post-101726","page","type-page","status-publish","has-post-thumbnail","hentry"],"acf":[],"yoast_head":"<!-- This site is optimized with the Yoast SEO Premium plugin v26.6 (Yoast SEO v27.0) - https:\/\/yoast.com\/product\/yoast-seo-premium-wordpress\/ -->\n<title>Dan Deng | Assent<\/title>\n<meta name=\"description\" content=\"Dan Deng ist auf die Einhaltung und Steuerung von Lieferkettenvorschriften spezialisiert, mit Schwerpunkt auf verantwortungsvoller Beschaffung.\" \/>\n<meta name=\"robots\" content=\"index, follow, max-snippet:-1, max-image-preview:large, max-video-preview:-1\" \/>\n<link rel=\"canonical\" href=\"https:\/\/www.assent.com\/de\/unternehmen\/fuehrungsteam\/dan-deng\/\" \/>\n<meta property=\"og:locale\" content=\"de_DE\" \/>\n<meta property=\"og:type\" content=\"article\" \/>\n<meta property=\"og:title\" content=\"Dan Deng\" \/>\n<meta property=\"og:description\" content=\"Dan Deng ist auf die Einhaltung und Steuerung von Lieferkettenvorschriften spezialisiert, mit Schwerpunkt auf verantwortungsvoller Beschaffung.\" \/>\n<meta property=\"og:url\" content=\"https:\/\/www.assent.com\/de\/unternehmen\/fuehrungsteam\/dan-deng\/\" \/>\n<meta property=\"og:site_name\" content=\"Assent\" \/>\n<meta property=\"article:publisher\" content=\"https:\/\/www.facebook.com\/AssentCompliance\/\" \/>\n<meta property=\"article:modified_time\" content=\"2025-10-21T14:10:24+00:00\" \/>\n<meta property=\"og:image\" content=\"https:\/\/www.assent.com\/wp-content\/uploads\/2025\/07\/Dan-Headshot.jpg\" \/>\n\t<meta property=\"og:image:width\" content=\"480\" \/>\n\t<meta property=\"og:image:height\" content=\"720\" \/>\n\t<meta property=\"og:image:type\" content=\"image\/png\" \/>\n<meta name=\"twitter:card\" content=\"summary_large_image\" \/>\n<meta name=\"twitter:site\" content=\"@AssentGlobal\" \/>\n<script type=\"application\/ld+json\" class=\"yoast-schema-graph\">{\"@context\":\"https:\/\/schema.org\",\"@graph\":[{\"@type\":\"WebPage\",\"@id\":\"https:\/\/www.assent.com\/de\/unternehmen\/fuehrungsteam\/dan-deng\/\",\"url\":\"https:\/\/www.assent.com\/de\/unternehmen\/fuehrungsteam\/dan-deng\/\",\"name\":\"Dan Deng | Assent\",\"isPartOf\":{\"@id\":\"https:\/\/www.assent.com\/de\/#website\"},\"primaryImageOfPage\":{\"@id\":\"https:\/\/www.assent.com\/de\/unternehmen\/fuehrungsteam\/dan-deng\/#primaryimage\"},\"image\":{\"@id\":\"https:\/\/www.assent.com\/de\/unternehmen\/fuehrungsteam\/dan-deng\/#primaryimage\"},\"thumbnailUrl\":\"https:\/\/www.assent.com\/wp-content\/uploads\/2025\/07\/Dan-Headshot.jpg\",\"datePublished\":\"2025-07-10T20:49:50+00:00\",\"dateModified\":\"2025-10-21T14:10:24+00:00\",\"description\":\"Dan Deng ist auf die Einhaltung und Steuerung von Lieferkettenvorschriften spezialisiert, mit Schwerpunkt auf verantwortungsvoller Beschaffung.\",\"breadcrumb\":{\"@id\":\"https:\/\/www.assent.com\/de\/unternehmen\/fuehrungsteam\/dan-deng\/#breadcrumb\"},\"inLanguage\":\"de\",\"potentialAction\":[{\"@type\":\"ReadAction\",\"target\":[\"https:\/\/www.assent.com\/de\/unternehmen\/fuehrungsteam\/dan-deng\/\"]}]},{\"@type\":\"ImageObject\",\"inLanguage\":\"de\",\"@id\":\"https:\/\/www.assent.com\/de\/unternehmen\/fuehrungsteam\/dan-deng\/#primaryimage\",\"url\":\"https:\/\/www.assent.com\/wp-content\/uploads\/2025\/07\/Dan-Headshot.jpg\",\"contentUrl\":\"https:\/\/www.assent.com\/wp-content\/uploads\/2025\/07\/Dan-Headshot.jpg\",\"width\":480,\"height\":720,\"caption\":\"Dan Deng\"},{\"@type\":\"BreadcrumbList\",\"@id\":\"https:\/\/www.assent.com\/de\/unternehmen\/fuehrungsteam\/dan-deng\/#breadcrumb\",\"itemListElement\":[{\"@type\":\"ListItem\",\"position\":1,\"name\":\"Home\",\"item\":\"https:\/\/www.assent.com\/de\/\"},{\"@type\":\"ListItem\",\"position\":2,\"name\":\"Unternehmen\",\"item\":\"https:\/\/www.assent.com\/de\/unternehmen\/\"},{\"@type\":\"ListItem\",\"position\":3,\"name\":\"F\u00fchrungsteam\",\"item\":\"https:\/\/www.assent.com\/de\/unternehmen\/fuehrungsteam\/\"},{\"@type\":\"ListItem\",\"position\":4,\"name\":\"Dan Deng\"}]},{\"@type\":\"WebSite\",\"@id\":\"https:\/\/www.assent.com\/de\/#website\",\"url\":\"https:\/\/www.assent.com\/de\/\",\"name\":\"Assent\",\"description\":\"\",\"publisher\":{\"@id\":\"https:\/\/www.assent.com\/de\/#organization\"},\"potentialAction\":[{\"@type\":\"SearchAction\",\"target\":{\"@type\":\"EntryPoint\",\"urlTemplate\":\"https:\/\/www.assent.com\/de\/?s={search_term_string}\"},\"query-input\":{\"@type\":\"PropertyValueSpecification\",\"valueRequired\":true,\"valueName\":\"search_term_string\"}}],\"inLanguage\":\"de\"},{\"@type\":\"Organization\",\"@id\":\"https:\/\/www.assent.com\/de\/#organization\",\"name\":\"Assent\",\"url\":\"https:\/\/www.assent.com\/de\/\",\"logo\":{\"@type\":\"ImageObject\",\"inLanguage\":\"de\",\"@id\":\"https:\/\/www.assent.com\/de\/#\/schema\/logo\/image\/\",\"url\":\"https:\/\/www.assent.com\/wp-content\/uploads\/2022\/01\/logo.svg\",\"contentUrl\":\"https:\/\/www.assent.com\/wp-content\/uploads\/2022\/01\/logo.svg\",\"width\":1,\"height\":1,\"caption\":\"Assent\"},\"image\":{\"@id\":\"https:\/\/www.assent.com\/de\/#\/schema\/logo\/image\/\"},\"sameAs\":[\"https:\/\/www.facebook.com\/AssentCompliance\/\",\"https:\/\/x.com\/AssentGlobal\",\"https:\/\/www.linkedin.com\/company\/assent-compliance-inc\"]}]}<\/script>\n<!-- \/ Yoast SEO Premium plugin. -->","yoast_head_json":{"title":"Dan Deng | Assent","description":"Dan Deng ist auf die Einhaltung und Steuerung von Lieferkettenvorschriften spezialisiert, mit Schwerpunkt auf verantwortungsvoller Beschaffung.","robots":{"index":"index","follow":"follow","max-snippet":"max-snippet:-1","max-image-preview":"max-image-preview:large","max-video-preview":"max-video-preview:-1"},"canonical":"https:\/\/www.assent.com\/de\/unternehmen\/fuehrungsteam\/dan-deng\/","og_locale":"de_DE","og_type":"article","og_title":"Dan Deng","og_description":"Dan Deng ist auf die Einhaltung und Steuerung von Lieferkettenvorschriften spezialisiert, mit Schwerpunkt auf verantwortungsvoller Beschaffung.","og_url":"https:\/\/www.assent.com\/de\/unternehmen\/fuehrungsteam\/dan-deng\/","og_site_name":"Assent","article_publisher":"https:\/\/www.facebook.com\/AssentCompliance\/","article_modified_time":"2025-10-21T14:10:24+00:00","og_image":[{"width":480,"height":720,"url":"https:\/\/www.assent.com\/wp-content\/uploads\/2025\/07\/Dan-Headshot.jpg","type":"image\/png"}],"twitter_card":"summary_large_image","twitter_site":"@AssentGlobal","schema":{"@context":"https:\/\/schema.org","@graph":[{"@type":"WebPage","@id":"https:\/\/www.assent.com\/de\/unternehmen\/fuehrungsteam\/dan-deng\/","url":"https:\/\/www.assent.com\/de\/unternehmen\/fuehrungsteam\/dan-deng\/","name":"Dan Deng | Assent","isPartOf":{"@id":"https:\/\/www.assent.com\/de\/#website"},"primaryImageOfPage":{"@id":"https:\/\/www.assent.com\/de\/unternehmen\/fuehrungsteam\/dan-deng\/#primaryimage"},"image":{"@id":"https:\/\/www.assent.com\/de\/unternehmen\/fuehrungsteam\/dan-deng\/#primaryimage"},"thumbnailUrl":"https:\/\/www.assent.com\/wp-content\/uploads\/2025\/07\/Dan-Headshot.jpg","datePublished":"2025-07-10T20:49:50+00:00","dateModified":"2025-10-21T14:10:24+00:00","description":"Dan Deng ist auf die Einhaltung und Steuerung von Lieferkettenvorschriften spezialisiert, mit Schwerpunkt auf verantwortungsvoller Beschaffung.","breadcrumb":{"@id":"https:\/\/www.assent.com\/de\/unternehmen\/fuehrungsteam\/dan-deng\/#breadcrumb"},"inLanguage":"de","potentialAction":[{"@type":"ReadAction","target":["https:\/\/www.assent.com\/de\/unternehmen\/fuehrungsteam\/dan-deng\/"]}]},{"@type":"ImageObject","inLanguage":"de","@id":"https:\/\/www.assent.com\/de\/unternehmen\/fuehrungsteam\/dan-deng\/#primaryimage","url":"https:\/\/www.assent.com\/wp-content\/uploads\/2025\/07\/Dan-Headshot.jpg","contentUrl":"https:\/\/www.assent.com\/wp-content\/uploads\/2025\/07\/Dan-Headshot.jpg","width":480,"height":720,"caption":"Dan Deng"},{"@type":"BreadcrumbList","@id":"https:\/\/www.assent.com\/de\/unternehmen\/fuehrungsteam\/dan-deng\/#breadcrumb","itemListElement":[{"@type":"ListItem","position":1,"name":"Home","item":"https:\/\/www.assent.com\/de\/"},{"@type":"ListItem","position":2,"name":"Unternehmen","item":"https:\/\/www.assent.com\/de\/unternehmen\/"},{"@type":"ListItem","position":3,"name":"F\u00fchrungsteam","item":"https:\/\/www.assent.com\/de\/unternehmen\/fuehrungsteam\/"},{"@type":"ListItem","position":4,"name":"Dan Deng"}]},{"@type":"WebSite","@id":"https:\/\/www.assent.com\/de\/#website","url":"https:\/\/www.assent.com\/de\/","name":"Assent","description":"","publisher":{"@id":"https:\/\/www.assent.com\/de\/#organization"},"potentialAction":[{"@type":"SearchAction","target":{"@type":"EntryPoint","urlTemplate":"https:\/\/www.assent.com\/de\/?s={search_term_string}"},"query-input":{"@type":"PropertyValueSpecification","valueRequired":true,"valueName":"search_term_string"}}],"inLanguage":"de"},{"@type":"Organization","@id":"https:\/\/www.assent.com\/de\/#organization","name":"Assent","url":"https:\/\/www.assent.com\/de\/","logo":{"@type":"ImageObject","inLanguage":"de","@id":"https:\/\/www.assent.com\/de\/#\/schema\/logo\/image\/","url":"https:\/\/www.assent.com\/wp-content\/uploads\/2022\/01\/logo.svg","contentUrl":"https:\/\/www.assent.com\/wp-content\/uploads\/2022\/01\/logo.svg","width":1,"height":1,"caption":"Assent"},"image":{"@id":"https:\/\/www.assent.com\/de\/#\/schema\/logo\/image\/"},"sameAs":["https:\/\/www.facebook.com\/AssentCompliance\/","https:\/\/x.com\/AssentGlobal","https:\/\/www.linkedin.com\/company\/assent-compliance-inc"]}]}},"_links":{"self":[{"href":"https:\/\/www.assent.com\/de\/wp-json\/wp\/v2\/pages\/101726","targetHints":{"allow":["GET"]}}],"collection":[{"href":"https:\/\/www.assent.com\/de\/wp-json\/wp\/v2\/pages"}],"about":[{"href":"https:\/\/www.assent.com\/de\/wp-json\/wp\/v2\/types\/page"}],"author":[{"embeddable":true,"href":"https:\/\/www.assent.com\/de\/wp-json\/wp\/v2\/users\/47"}],"replies":[{"embeddable":true,"href":"https:\/\/www.assent.com\/de\/wp-json\/wp\/v2\/comments?post=101726"}],"version-history":[{"count":2,"href":"https:\/\/www.assent.com\/de\/wp-json\/wp\/v2\/pages\/101726\/revisions"}],"predecessor-version":[{"id":102020,"href":"https:\/\/www.assent.com\/de\/wp-json\/wp\/v2\/pages\/101726\/revisions\/102020"}],"up":[{"embeddable":true,"href":"https:\/\/www.assent.com\/de\/wp-json\/wp\/v2\/pages\/29528"}],"wp:featuredmedia":[{"embeddable":true,"href":"https:\/\/www.assent.com\/de\/wp-json\/wp\/v2\/media\/93018"}],"wp:attachment":[{"href":"https:\/\/www.assent.com\/de\/wp-json\/wp\/v2\/media?parent=101726"}],"wp:term":[{"taxonomy":"category","embeddable":true,"href":"https:\/\/www.assent.com\/de\/wp-json\/wp\/v2\/categories?post=101726"}],"curies":[{"name":"wp","href":"https:\/\/api.w.org\/{rel}","templated":true}]}}